{"id":2020,"date":"2021-11-14T11:46:27","date_gmt":"2021-11-14T10:46:27","guid":{"rendered":"https:\/\/fievutysjg.cfolks.pl\/zse-bip\/?page_id=2020"},"modified":"2025-04-23T09:50:47","modified_gmt":"2025-04-23T07:50:47","slug":"deklaracja-dostepnosci","status":"publish","type":"page","link":"https:\/\/fievutysjg.cfolks.pl\/zse-bip\/deklaracja-dostepnosci\/","title":{"rendered":"Deklaracja dost\u0119pno\u015bci"},"content":{"rendered":"<p style=\"text-align: center;\"><a href=\"https:\/\/zse.torun.pl\/index.php\/deklaracja-dostepnosci\/\"><strong>Deklaracja dost\u0119pno\u015bci ZSE Toru\u0144-2025<\/strong><\/a><\/p>\n<p>&nbsp;<\/p>\n<p style=\"text-align: center;\"><span style=\"font-size: 14pt;\"><a href=\"https:\/\/fievutysjg.cfolks.pl\/zse-bip\/wp-content\/uploads\/2025\/04\/Deklaracja-dostepnosci-Technikum-Nr-1-.pdf\"><strong>Raport o stanie zapewnienia dost\u0119pno\u015bci Technikum Nr 1 2025<\/strong><\/a><\/span><\/p>\n<p style=\"text-align: center;\"><span style=\"font-size: 14pt;\"><a href=\"https:\/\/fievutysjg.cfolks.pl\/zse-bip\/wp-content\/uploads\/2025\/04\/Deklaracja-dostepnosci-Branzowa-Szkola-I-stopnia-Nr-1.pdf\"><strong>Raport o stanie zapewnienia dost\u0119pno\u015bci Bran\u017cowa Szko\u0142a I stopnia Nr 1 2025<\/strong><\/a><\/span><\/p>\n","protected":false},"excerpt":{"rendered":"<p>Deklaracja dost\u0119pno\u015bci ZSE Toru\u0144-2025 &nbsp; Raport o stanie zapewnienia dost\u0119pno\u015bci Technikum Nr 1 2025 Raport o stanie zapewnienia dost\u0119pno\u015bci Bran\u017cowa Szko\u0142a I stopnia Nr 1 2025<\/p>\n","protected":false},"author":1,"featured_media":0,"parent":0,"menu_order":0,"comment_status":"closed","ping_status":"closed","template":"","meta":{"footnotes":""},"class_list":["post-2020","page","type-page","status-publish","hentry"],"_links":{"self":[{"href":"https:\/\/fievutysjg.cfolks.pl\/zse-bip\/wp-json\/wp\/v2\/pages\/2020","targetHints":{"allow":["GET"]}}],"collection":[{"href":"https:\/\/fievutysjg.cfolks.pl\/zse-bip\/wp-json\/wp\/v2\/pages"}],"about":[{"href":"https:\/\/fievutysjg.cfolks.pl\/zse-bip\/wp-json\/wp\/v2\/types\/page"}],"author":[{"embeddable":true,"href":"https:\/\/fievutysjg.cfolks.pl\/zse-bip\/wp-json\/wp\/v2\/users\/1"}],"replies":[{"embeddable":true,"href":"https:\/\/fievutysjg.cfolks.pl\/zse-bip\/wp-json\/wp\/v2\/comments?post=2020"}],"version-history":[{"count":16,"href":"https:\/\/fievutysjg.cfolks.pl\/zse-bip\/wp-json\/wp\/v2\/pages\/2020\/revisions"}],"predecessor-version":[{"id":2939,"href":"https:\/\/fievutysjg.cfolks.pl\/zse-bip\/wp-json\/wp\/v2\/pages\/2020\/revisions\/2939"}],"wp:attachment":[{"href":"https:\/\/fievutysjg.cfolks.pl\/zse-bip\/wp-json\/wp\/v2\/media?parent=2020"}],"curies":[{"name":"wp","href":"https:\/\/api.w.org\/{rel}","templated":true}]}}