{"id":2012,"date":"2021-11-14T11:45:21","date_gmt":"2021-11-14T10:45:21","guid":{"rendered":"https:\/\/fievutysjg.cfolks.pl\/zse-bip\/?page_id=2012"},"modified":"2025-03-05T09:53:54","modified_gmt":"2025-03-05T08:53:54","slug":"sprawozdania","status":"publish","type":"page","link":"https:\/\/fievutysjg.cfolks.pl\/zse-bip\/sprawozdania\/","title":{"rendered":"Sprawozdania"},"content":{"rendered":"<p><strong><em>Zgodnie z zapisem \u00a7 34 ust. 9 rozporz\u0105dzenia Ministra Rozwoju i Finans\u00f3w z\u00a013 wrze\u015bnia 2017\u00a0r. w\u00a0sprawie rachunkowo\u015bci oraz\u00a0plan\u00f3w kont dla bud\u017cetu pa\u0144stwa, bud\u017cet\u00f3w jednostek samorz\u0105du terytorialnego, jednostek bud\u017cetowych, samorz\u0105dowych zak\u0142ad\u00f3w bud\u017cetowych, pa\u0144stwowych funduszy celowych oraz\u00a0pa\u0144stwowych jednostek bud\u017cetowych maj\u0105cych siedzib\u0119 poza granicami Rzeczypospolitej Polskiej,\u00a0sprawozdanie finansowe za ostatni rok obrotowy oraz lata poprzednie\u00a0jest opublikowane w Biuletynie Informacji Publicznej jednostki sporz\u0105dzaj\u0105cej sprawozdanie, tj. Toru\u0144skiego Centrum Us\u0142ug Wsp\u00f3lnych\u00a0<a href=\"https:\/\/archiwum.tcuw.torun.pl\/bip,8,1321.html\" target=\"_blank\" rel=\"noopener\" data-saferedirecturl=\"https:\/\/www.google.com\/url?q=https:\/\/tcuw.torun.pl\/bip,8.html&amp;source=gmail&amp;ust=1716024705103000&amp;usg=AOvVaw1nulV8aYaz1yfJHvjV6rWB\">https:\/\/tcuw.torun.pl\/bip,8.<wbr \/>html<\/a><\/em><\/strong><\/p>\n","protected":false},"excerpt":{"rendered":"<p>Zgodnie z zapisem \u00a7 34 ust. 9 rozporz\u0105dzenia Ministra Rozwoju i Finans\u00f3w z\u00a013 wrze\u015bnia 2017\u00a0r. w\u00a0sprawie rachunkowo\u015bci oraz\u00a0plan\u00f3w kont dla bud\u017cetu pa\u0144stwa, bud\u017cet\u00f3w jednostek samorz\u0105du terytorialnego, jednostek bud\u017cetowych, samorz\u0105dowych zak\u0142ad\u00f3w bud\u017cetowych, pa\u0144stwowych funduszy celowych oraz\u00a0pa\u0144stwowych jednostek bud\u017cetowych maj\u0105cych siedzib\u0119 poza granicami Rzeczypospolitej Polskiej,\u00a0sprawozdanie finansowe za ostatni rok obrotowy oraz lata [&hellip;]<\/p>\n","protected":false},"author":1,"featured_media":0,"parent":0,"menu_order":0,"comment_status":"closed","ping_status":"open","template":"","meta":{"footnotes":""},"class_list":["post-2012","page","type-page","status-publish","hentry"],"_links":{"self":[{"href":"https:\/\/fievutysjg.cfolks.pl\/zse-bip\/wp-json\/wp\/v2\/pages\/2012","targetHints":{"allow":["GET"]}}],"collection":[{"href":"https:\/\/fievutysjg.cfolks.pl\/zse-bip\/wp-json\/wp\/v2\/pages"}],"about":[{"href":"https:\/\/fievutysjg.cfolks.pl\/zse-bip\/wp-json\/wp\/v2\/types\/page"}],"author":[{"embeddable":true,"href":"https:\/\/fievutysjg.cfolks.pl\/zse-bip\/wp-json\/wp\/v2\/users\/1"}],"replies":[{"embeddable":true,"href":"https:\/\/fievutysjg.cfolks.pl\/zse-bip\/wp-json\/wp\/v2\/comments?post=2012"}],"version-history":[{"count":5,"href":"https:\/\/fievutysjg.cfolks.pl\/zse-bip\/wp-json\/wp\/v2\/pages\/2012\/revisions"}],"predecessor-version":[{"id":2931,"href":"https:\/\/fievutysjg.cfolks.pl\/zse-bip\/wp-json\/wp\/v2\/pages\/2012\/revisions\/2931"}],"wp:attachment":[{"href":"https:\/\/fievutysjg.cfolks.pl\/zse-bip\/wp-json\/wp\/v2\/media?parent=2012"}],"curies":[{"name":"wp","href":"https:\/\/api.w.org\/{rel}","templated":true}]}}