{"id":2307,"date":"2023-05-18T13:13:49","date_gmt":"2023-05-18T11:13:49","guid":{"rendered":"https:\/\/fievutysjg.cfolks.pl\/sosw-bip\/?page_id=2307"},"modified":"2025-11-18T12:50:43","modified_gmt":"2025-11-18T11:50:43","slug":"godziny-przyjmowania-interesantow","status":"publish","type":"page","link":"https:\/\/fievutysjg.cfolks.pl\/sosw-bip\/?page_id=2307","title":{"rendered":"Dyrekcja"},"content":{"rendered":"<p style=\"text-align: center;\"><span style=\"font-size: 18pt;\"><strong>DYREKCJA <\/strong><\/span><\/p>\n<p style=\"text-align: center;\"><span style=\"font-size: 18pt;\"><strong>SPECJALNEGO O\u015aRODKA SZKOLNO-WYCHOWAWCZEGO <\/strong><\/span><\/p>\n<p style=\"text-align: center;\"><span style=\"font-size: 18pt;\"><strong>IM. MARII KONOPNICKIEJ<\/strong><\/span><\/p>\n<p style=\"text-align: center;\"><span style=\"font-size: 18pt;\"><strong>W JAWORZE<\/strong><\/span><\/p>\n<p style=\"text-align: center;\"><strong>\u00a0<\/strong><\/p>\n<p style=\"text-align: center;\"><strong>DYREKTOR <\/strong><\/p>\n<p style=\"text-align: center;\"><strong>MGR MAGDALENA POKRYWA<\/strong><\/p>\n<p style=\"text-align: center;\">e-mail: <a href=\"mailto:soswjawor@soswjawor.pl\">soswjawor@soswjawor.pl<\/a><\/p>\n<p>&nbsp;<\/p>\n<p style=\"text-align: center;\"><strong>WICEDYREKTOR <\/strong><\/p>\n<p style=\"text-align: center;\"><strong>MGR EWA ALEKSIUK<\/strong><\/p>\n<p style=\"text-align: center;\">e-mail: <a href=\"mailto:ewa.aleksiuk@soswjawor.pl\">ewa.aleksiuk@soswjawor.pl<\/a><\/p>\n<p>&nbsp;<\/p>\n<p style=\"text-align: center;\"><strong>WICEDYREKTOR <\/strong><\/p>\n<p style=\"text-align: center;\"><strong>MAGDALENA DA\u0143CZURA<\/strong><\/p>\n<p style=\"text-align: center;\">e-mail: <a href=\"mailto:magdalena.danczura@soswjawor.pl\">magdalena.danczura@soswjawor.pl<\/a><\/p>\n<p style=\"text-align: center;\">\n<p>&nbsp;<\/p>\n<p style=\"text-align: center;\"><strong><em><span style=\"font-size: 12pt;\">W Specjalnym O\u015brodku Szkolno-Wychowawczym w Jaworze nie ma okre\u015blonych godzin przyjmowania interesant\u00f3w. <\/span><\/em><\/strong><\/p>\n<p style=\"text-align: center;\"><strong><em><span style=\"font-size: 12pt;\">Wszystkie osoby, kt\u00f3re s\u0105 zainteresowane spotkaniem si\u0119\u00a0 z dyrekcj\u0105 <\/span><\/em><\/strong><\/p>\n<p style=\"text-align: center;\"><strong><em><span style=\"font-size: 12pt;\">proszone s\u0105 o uprzedni kontakt telefoniczny lub\u00a0 mailowy w celu ustalenia dogodnego terminu.\u00a0<\/span><\/em><\/strong><\/p>\n","protected":false},"excerpt":{"rendered":"<p>DYREKCJA SPECJALNEGO O\u015aRODKA SZKOLNO-WYCHOWAWCZEGO IM. MARII KONOPNICKIEJ W JAWORZE \u00a0 DYREKTOR MGR MAGDALENA POKRYWA e-mail: soswjawor@soswjawor.pl &nbsp; WICEDYREKTOR MGR EWA ALEKSIUK e-mail: ewa.aleksiuk@soswjawor.pl &nbsp; WICEDYREKTOR MAGDALENA DA\u0143CZURA e-mail: magdalena.danczura@soswjawor.pl &nbsp; W Specjalnym O\u015brodku Szkolno-Wychowawczym w Jaworze nie ma okre\u015blonych godzin przyjmowania interesant\u00f3w. Wszystkie osoby, kt\u00f3re s\u0105 zainteresowane spotkaniem si\u0119\u00a0 z [&hellip;]<\/p>\n","protected":false},"author":4,"featured_media":0,"parent":0,"menu_order":0,"comment_status":"closed","ping_status":"open","template":"","meta":[],"yoast_head":"<!-- This site is optimized with the Yoast SEO plugin v20.13 - https:\/\/yoast.com\/wordpress\/plugins\/seo\/ -->\n<title>Dyrekcja - SOSW Jawor - BIP<\/title>\n<meta name=\"robots\" content=\"index, follow, max-snippet:-1, max-image-preview:large, max-video-preview:-1\" \/>\n<link rel=\"canonical\" href=\"https:\/\/fievutysjg.cfolks.pl\/sosw-bip\/?page_id=2307\" \/>\n<meta property=\"og:locale\" content=\"pl_PL\" \/>\n<meta property=\"og:type\" content=\"article\" \/>\n<meta property=\"og:title\" content=\"Dyrekcja - SOSW Jawor - BIP\" \/>\n<meta property=\"og:description\" content=\"DYREKCJA SPECJALNEGO O\u015aRODKA SZKOLNO-WYCHOWAWCZEGO IM. MARII KONOPNICKIEJ W JAWORZE \u00a0 DYREKTOR MGR MAGDALENA POKRYWA e-mail: soswjawor@soswjawor.pl &nbsp; WICEDYREKTOR MGR EWA ALEKSIUK e-mail: ewa.aleksiuk@soswjawor.pl &nbsp; WICEDYREKTOR MAGDALENA DA\u0143CZURA e-mail: magdalena.danczura@soswjawor.pl &nbsp; W Specjalnym O\u015brodku Szkolno-Wychowawczym w Jaworze nie ma okre\u015blonych godzin przyjmowania interesant\u00f3w. Wszystkie osoby, kt\u00f3re s\u0105 zainteresowane spotkaniem si\u0119\u00a0 z [&hellip;]\" \/>\n<meta property=\"og:url\" content=\"https:\/\/fievutysjg.cfolks.pl\/sosw-bip\/?page_id=2307\" \/>\n<meta property=\"og:site_name\" content=\"SOSW Jawor - BIP\" \/>\n<meta property=\"article:modified_time\" content=\"2025-11-18T11:50:43+00:00\" \/>\n<meta name=\"twitter:card\" content=\"summary_large_image\" \/>\n<meta name=\"twitter:label1\" content=\"Szacowany czas czytania\" \/>\n\t<meta name=\"twitter:data1\" content=\"1 minuta\" \/>\n<script type=\"application\/ld+json\" class=\"yoast-schema-graph\">{\"@context\":\"https:\/\/schema.org\",\"@graph\":[{\"@type\":\"WebPage\",\"@id\":\"https:\/\/fievutysjg.cfolks.pl\/sosw-bip\/?page_id=2307\",\"url\":\"https:\/\/fievutysjg.cfolks.pl\/sosw-bip\/?page_id=2307\",\"name\":\"Dyrekcja - SOSW Jawor - BIP\",\"isPartOf\":{\"@id\":\"https:\/\/fievutysjg.cfolks.pl\/sosw-bip\/#website\"},\"datePublished\":\"2023-05-18T11:13:49+00:00\",\"dateModified\":\"2025-11-18T11:50:43+00:00\",\"breadcrumb\":{\"@id\":\"https:\/\/fievutysjg.cfolks.pl\/sosw-bip\/?page_id=2307#breadcrumb\"},\"inLanguage\":\"pl-PL\",\"potentialAction\":[{\"@type\":\"ReadAction\",\"target\":[\"https:\/\/fievutysjg.cfolks.pl\/sosw-bip\/?page_id=2307\"]}]},{\"@type\":\"BreadcrumbList\",\"@id\":\"https:\/\/fievutysjg.cfolks.pl\/sosw-bip\/?page_id=2307#breadcrumb\",\"itemListElement\":[{\"@type\":\"ListItem\",\"position\":1,\"name\":\"Home\",\"item\":\"https:\/\/fievutysjg.cfolks.pl\/sosw-bip\/\"},{\"@type\":\"ListItem\",\"position\":2,\"name\":\"Dyrekcja\"}]},{\"@type\":\"WebSite\",\"@id\":\"https:\/\/fievutysjg.cfolks.pl\/sosw-bip\/#website\",\"url\":\"https:\/\/fievutysjg.cfolks.pl\/sosw-bip\/\",\"name\":\"SOSW Jawor - BIP\",\"description\":\"Strona BIP\",\"potentialAction\":[{\"@type\":\"SearchAction\",\"target\":{\"@type\":\"EntryPoint\",\"urlTemplate\":\"https:\/\/fievutysjg.cfolks.pl\/sosw-bip\/?s={search_term_string}\"},\"query-input\":\"required name=search_term_string\"}],\"inLanguage\":\"pl-PL\"}]}<\/script>\n<!-- \/ Yoast SEO plugin. -->","yoast_head_json":{"title":"Dyrekcja - SOSW Jawor - BIP","robots":{"index":"index","follow":"follow","max-snippet":"max-snippet:-1","max-image-preview":"max-image-preview:large","max-video-preview":"max-video-preview:-1"},"canonical":"https:\/\/fievutysjg.cfolks.pl\/sosw-bip\/?page_id=2307","og_locale":"pl_PL","og_type":"article","og_title":"Dyrekcja - SOSW Jawor - BIP","og_description":"DYREKCJA SPECJALNEGO O\u015aRODKA SZKOLNO-WYCHOWAWCZEGO IM. MARII KONOPNICKIEJ W JAWORZE \u00a0 DYREKTOR MGR MAGDALENA POKRYWA e-mail: soswjawor@soswjawor.pl &nbsp; WICEDYREKTOR MGR EWA ALEKSIUK e-mail: ewa.aleksiuk@soswjawor.pl &nbsp; WICEDYREKTOR MAGDALENA DA\u0143CZURA e-mail: magdalena.danczura@soswjawor.pl &nbsp; W Specjalnym O\u015brodku Szkolno-Wychowawczym w Jaworze nie ma okre\u015blonych godzin przyjmowania interesant\u00f3w. Wszystkie osoby, kt\u00f3re s\u0105 zainteresowane spotkaniem si\u0119\u00a0 z [&hellip;]","og_url":"https:\/\/fievutysjg.cfolks.pl\/sosw-bip\/?page_id=2307","og_site_name":"SOSW Jawor - BIP","article_modified_time":"2025-11-18T11:50:43+00:00","twitter_card":"summary_large_image","twitter_misc":{"Szacowany czas czytania":"1 minuta"},"schema":{"@context":"https:\/\/schema.org","@graph":[{"@type":"WebPage","@id":"https:\/\/fievutysjg.cfolks.pl\/sosw-bip\/?page_id=2307","url":"https:\/\/fievutysjg.cfolks.pl\/sosw-bip\/?page_id=2307","name":"Dyrekcja - SOSW Jawor - BIP","isPartOf":{"@id":"https:\/\/fievutysjg.cfolks.pl\/sosw-bip\/#website"},"datePublished":"2023-05-18T11:13:49+00:00","dateModified":"2025-11-18T11:50:43+00:00","breadcrumb":{"@id":"https:\/\/fievutysjg.cfolks.pl\/sosw-bip\/?page_id=2307#breadcrumb"},"inLanguage":"pl-PL","potentialAction":[{"@type":"ReadAction","target":["https:\/\/fievutysjg.cfolks.pl\/sosw-bip\/?page_id=2307"]}]},{"@type":"BreadcrumbList","@id":"https:\/\/fievutysjg.cfolks.pl\/sosw-bip\/?page_id=2307#breadcrumb","itemListElement":[{"@type":"ListItem","position":1,"name":"Home","item":"https:\/\/fievutysjg.cfolks.pl\/sosw-bip\/"},{"@type":"ListItem","position":2,"name":"Dyrekcja"}]},{"@type":"WebSite","@id":"https:\/\/fievutysjg.cfolks.pl\/sosw-bip\/#website","url":"https:\/\/fievutysjg.cfolks.pl\/sosw-bip\/","name":"SOSW Jawor - BIP","description":"Strona BIP","potentialAction":[{"@type":"SearchAction","target":{"@type":"EntryPoint","urlTemplate":"https:\/\/fievutysjg.cfolks.pl\/sosw-bip\/?s={search_term_string}"},"query-input":"required name=search_term_string"}],"inLanguage":"pl-PL"}]}},"_links":{"self":[{"href":"https:\/\/fievutysjg.cfolks.pl\/sosw-bip\/index.php?rest_route=\/wp\/v2\/pages\/2307"}],"collection":[{"href":"https:\/\/fievutysjg.cfolks.pl\/sosw-bip\/index.php?rest_route=\/wp\/v2\/pages"}],"about":[{"href":"https:\/\/fievutysjg.cfolks.pl\/sosw-bip\/index.php?rest_route=\/wp\/v2\/types\/page"}],"author":[{"embeddable":true,"href":"https:\/\/fievutysjg.cfolks.pl\/sosw-bip\/index.php?rest_route=\/wp\/v2\/users\/4"}],"replies":[{"embeddable":true,"href":"https:\/\/fievutysjg.cfolks.pl\/sosw-bip\/index.php?rest_route=%2Fwp%2Fv2%2Fcomments&post=2307"}],"version-history":[{"count":9,"href":"https:\/\/fievutysjg.cfolks.pl\/sosw-bip\/index.php?rest_route=\/wp\/v2\/pages\/2307\/revisions"}],"predecessor-version":[{"id":2420,"href":"https:\/\/fievutysjg.cfolks.pl\/sosw-bip\/index.php?rest_route=\/wp\/v2\/pages\/2307\/revisions\/2420"}],"wp:attachment":[{"href":"https:\/\/fievutysjg.cfolks.pl\/sosw-bip\/index.php?rest_route=%2Fwp%2Fv2%2Fmedia&parent=2307"}],"curies":[{"name":"wp","href":"https:\/\/api.w.org\/{rel}","templated":true}]}}