{"id":2228,"date":"2023-02-09T08:35:54","date_gmt":"2023-02-09T07:35:54","guid":{"rendered":"https:\/\/fievutysjg.cfolks.pl\/sosw-bip\/?page_id=2228"},"modified":"2025-10-21T09:07:44","modified_gmt":"2025-10-21T07:07:44","slug":"dostepnosc","status":"publish","type":"page","link":"https:\/\/fievutysjg.cfolks.pl\/sosw-bip\/?page_id=2228","title":{"rendered":"Druki do pobrania"},"content":{"rendered":"<p style=\"text-align: center;\"><strong>Poni\u017cej za\u0142\u0105czono druki do pobrania:<\/strong><\/p>\n<p style=\"text-align: center;\"><a href=\"https:\/\/fievutysjg.cfolks.pl\/sosw-bip\/?attachment_id=2245\" target=\"_blank\" rel=\"attachment noopener wp-att-2245\">1. Deklaracja zg\u0142oszenia dziecka do przedszkola<\/a><\/p>\n<p style=\"text-align: center;\"><a href=\"https:\/\/fievutysjg.cfolks.pl\/sosw-bip\/?attachment_id=2246\" target=\"_blank\" rel=\"attachment noopener wp-att-2246\">2. Podanie o przyj\u0119cie do Bran\u017cowej szko\u0142y specjalnej I stopnia <\/a><\/p>\n<p style=\"text-align: center;\"><a href=\"https:\/\/fievutysjg.cfolks.pl\/sosw-bip\/?attachment_id=2247\" target=\"_blank\" rel=\"attachment noopener wp-att-2247\">3. Podanie o przyj\u0119cie do szko\u0142y<\/a><\/p>\n<p style=\"text-align: center;\"><a href=\"https:\/\/fievutysjg.cfolks.pl\/sosw-bip\/?attachment_id=2415\" target=\"_blank\" rel=\"attachment noopener wp-att-2415\">4. Wniosek do Starostwa o wydanie skierowania do szko\u0142y specjalnej<\/a><\/p>\n","protected":false},"excerpt":{"rendered":"<p>Poni\u017cej za\u0142\u0105czono druki do pobrania: 1. Deklaracja zg\u0142oszenia dziecka do przedszkola 2. Podanie o przyj\u0119cie do Bran\u017cowej szko\u0142y specjalnej I stopnia 3. Podanie o przyj\u0119cie do szko\u0142y 4. Wniosek do Starostwa o wydanie skierowania do szko\u0142y specjalnej<\/p>\n","protected":false},"author":4,"featured_media":0,"parent":0,"menu_order":0,"comment_status":"closed","ping_status":"open","template":"","meta":[],"yoast_head":"<!-- This site is optimized with the Yoast SEO plugin v20.13 - https:\/\/yoast.com\/wordpress\/plugins\/seo\/ -->\n<title>Druki do pobrania - SOSW Jawor - BIP<\/title>\n<meta name=\"robots\" content=\"index, follow, max-snippet:-1, max-image-preview:large, max-video-preview:-1\" \/>\n<link rel=\"canonical\" href=\"https:\/\/fievutysjg.cfolks.pl\/sosw-bip\/?page_id=2228\" \/>\n<meta property=\"og:locale\" content=\"pl_PL\" \/>\n<meta property=\"og:type\" content=\"article\" \/>\n<meta property=\"og:title\" content=\"Druki do pobrania - SOSW Jawor - BIP\" \/>\n<meta property=\"og:description\" content=\"Poni\u017cej za\u0142\u0105czono druki do pobrania: 1. Deklaracja zg\u0142oszenia dziecka do przedszkola 2. Podanie o przyj\u0119cie do Bran\u017cowej szko\u0142y specjalnej I stopnia 3. Podanie o przyj\u0119cie do szko\u0142y 4. Wniosek do Starostwa o wydanie skierowania do szko\u0142y specjalnej\" \/>\n<meta property=\"og:url\" content=\"https:\/\/fievutysjg.cfolks.pl\/sosw-bip\/?page_id=2228\" \/>\n<meta property=\"og:site_name\" content=\"SOSW Jawor - BIP\" \/>\n<meta property=\"article:modified_time\" content=\"2025-10-21T07:07:44+00:00\" \/>\n<meta name=\"twitter:card\" content=\"summary_large_image\" \/>\n<meta name=\"twitter:label1\" content=\"Szacowany czas czytania\" \/>\n\t<meta name=\"twitter:data1\" content=\"1 minuta\" \/>\n<script type=\"application\/ld+json\" class=\"yoast-schema-graph\">{\"@context\":\"https:\/\/schema.org\",\"@graph\":[{\"@type\":\"WebPage\",\"@id\":\"https:\/\/fievutysjg.cfolks.pl\/sosw-bip\/?page_id=2228\",\"url\":\"https:\/\/fievutysjg.cfolks.pl\/sosw-bip\/?page_id=2228\",\"name\":\"Druki do pobrania - SOSW Jawor - BIP\",\"isPartOf\":{\"@id\":\"https:\/\/fievutysjg.cfolks.pl\/sosw-bip\/#website\"},\"datePublished\":\"2023-02-09T07:35:54+00:00\",\"dateModified\":\"2025-10-21T07:07:44+00:00\",\"breadcrumb\":{\"@id\":\"https:\/\/fievutysjg.cfolks.pl\/sosw-bip\/?page_id=2228#breadcrumb\"},\"inLanguage\":\"pl-PL\",\"potentialAction\":[{\"@type\":\"ReadAction\",\"target\":[\"https:\/\/fievutysjg.cfolks.pl\/sosw-bip\/?page_id=2228\"]}]},{\"@type\":\"BreadcrumbList\",\"@id\":\"https:\/\/fievutysjg.cfolks.pl\/sosw-bip\/?page_id=2228#breadcrumb\",\"itemListElement\":[{\"@type\":\"ListItem\",\"position\":1,\"name\":\"Home\",\"item\":\"https:\/\/fievutysjg.cfolks.pl\/sosw-bip\/\"},{\"@type\":\"ListItem\",\"position\":2,\"name\":\"Druki do pobrania\"}]},{\"@type\":\"WebSite\",\"@id\":\"https:\/\/fievutysjg.cfolks.pl\/sosw-bip\/#website\",\"url\":\"https:\/\/fievutysjg.cfolks.pl\/sosw-bip\/\",\"name\":\"SOSW Jawor - BIP\",\"description\":\"Strona BIP\",\"potentialAction\":[{\"@type\":\"SearchAction\",\"target\":{\"@type\":\"EntryPoint\",\"urlTemplate\":\"https:\/\/fievutysjg.cfolks.pl\/sosw-bip\/?s={search_term_string}\"},\"query-input\":\"required name=search_term_string\"}],\"inLanguage\":\"pl-PL\"}]}<\/script>\n<!-- \/ Yoast SEO plugin. -->","yoast_head_json":{"title":"Druki do pobrania - SOSW Jawor - BIP","robots":{"index":"index","follow":"follow","max-snippet":"max-snippet:-1","max-image-preview":"max-image-preview:large","max-video-preview":"max-video-preview:-1"},"canonical":"https:\/\/fievutysjg.cfolks.pl\/sosw-bip\/?page_id=2228","og_locale":"pl_PL","og_type":"article","og_title":"Druki do pobrania - SOSW Jawor - BIP","og_description":"Poni\u017cej za\u0142\u0105czono druki do pobrania: 1. Deklaracja zg\u0142oszenia dziecka do przedszkola 2. Podanie o przyj\u0119cie do Bran\u017cowej szko\u0142y specjalnej I stopnia 3. Podanie o przyj\u0119cie do szko\u0142y 4. Wniosek do Starostwa o wydanie skierowania do szko\u0142y specjalnej","og_url":"https:\/\/fievutysjg.cfolks.pl\/sosw-bip\/?page_id=2228","og_site_name":"SOSW Jawor - BIP","article_modified_time":"2025-10-21T07:07:44+00:00","twitter_card":"summary_large_image","twitter_misc":{"Szacowany czas czytania":"1 minuta"},"schema":{"@context":"https:\/\/schema.org","@graph":[{"@type":"WebPage","@id":"https:\/\/fievutysjg.cfolks.pl\/sosw-bip\/?page_id=2228","url":"https:\/\/fievutysjg.cfolks.pl\/sosw-bip\/?page_id=2228","name":"Druki do pobrania - SOSW Jawor - BIP","isPartOf":{"@id":"https:\/\/fievutysjg.cfolks.pl\/sosw-bip\/#website"},"datePublished":"2023-02-09T07:35:54+00:00","dateModified":"2025-10-21T07:07:44+00:00","breadcrumb":{"@id":"https:\/\/fievutysjg.cfolks.pl\/sosw-bip\/?page_id=2228#breadcrumb"},"inLanguage":"pl-PL","potentialAction":[{"@type":"ReadAction","target":["https:\/\/fievutysjg.cfolks.pl\/sosw-bip\/?page_id=2228"]}]},{"@type":"BreadcrumbList","@id":"https:\/\/fievutysjg.cfolks.pl\/sosw-bip\/?page_id=2228#breadcrumb","itemListElement":[{"@type":"ListItem","position":1,"name":"Home","item":"https:\/\/fievutysjg.cfolks.pl\/sosw-bip\/"},{"@type":"ListItem","position":2,"name":"Druki do pobrania"}]},{"@type":"WebSite","@id":"https:\/\/fievutysjg.cfolks.pl\/sosw-bip\/#website","url":"https:\/\/fievutysjg.cfolks.pl\/sosw-bip\/","name":"SOSW Jawor - BIP","description":"Strona BIP","potentialAction":[{"@type":"SearchAction","target":{"@type":"EntryPoint","urlTemplate":"https:\/\/fievutysjg.cfolks.pl\/sosw-bip\/?s={search_term_string}"},"query-input":"required name=search_term_string"}],"inLanguage":"pl-PL"}]}},"_links":{"self":[{"href":"https:\/\/fievutysjg.cfolks.pl\/sosw-bip\/index.php?rest_route=\/wp\/v2\/pages\/2228"}],"collection":[{"href":"https:\/\/fievutysjg.cfolks.pl\/sosw-bip\/index.php?rest_route=\/wp\/v2\/pages"}],"about":[{"href":"https:\/\/fievutysjg.cfolks.pl\/sosw-bip\/index.php?rest_route=\/wp\/v2\/types\/page"}],"author":[{"embeddable":true,"href":"https:\/\/fievutysjg.cfolks.pl\/sosw-bip\/index.php?rest_route=\/wp\/v2\/users\/4"}],"replies":[{"embeddable":true,"href":"https:\/\/fievutysjg.cfolks.pl\/sosw-bip\/index.php?rest_route=%2Fwp%2Fv2%2Fcomments&post=2228"}],"version-history":[{"count":7,"href":"https:\/\/fievutysjg.cfolks.pl\/sosw-bip\/index.php?rest_route=\/wp\/v2\/pages\/2228\/revisions"}],"predecessor-version":[{"id":2417,"href":"https:\/\/fievutysjg.cfolks.pl\/sosw-bip\/index.php?rest_route=\/wp\/v2\/pages\/2228\/revisions\/2417"}],"wp:attachment":[{"href":"https:\/\/fievutysjg.cfolks.pl\/sosw-bip\/index.php?rest_route=%2Fwp%2Fv2%2Fmedia&parent=2228"}],"curies":[{"name":"wp","href":"https:\/\/api.w.org\/{rel}","templated":true}]}}