{"id":2074,"date":"2021-11-22T07:42:39","date_gmt":"2021-11-22T06:42:39","guid":{"rendered":"https:\/\/server462349.nazwa.pl\/wordpress\/wpn_p309bip\/?page_id=2074"},"modified":"2023-02-10T12:59:48","modified_gmt":"2023-02-10T11:59:48","slug":"przedmiot-dzialania","status":"publish","type":"page","link":"https:\/\/fievutysjg.cfolks.pl\/sosw-bip\/?page_id=2074","title":{"rendered":"Przedmiot dzia\u0142ania"},"content":{"rendered":"<p style=\"text-align: center;\"><strong>SPECJALNY O\u015aRODEK SZKOLNO-WYCHOWAWCZY <\/strong><strong>W JAWORZE<\/strong><\/p>\n<p style=\"text-align: center;\"><strong>RODZAJE SZK\u00d3\u0141 I FORMY DZIA\u0141ALNO\u015aCI <\/strong><\/p>\n<p>&nbsp;<\/p>\n<p style=\"text-align: center;\"><strong>RODZAJE SZK\u00d3\u0141:<\/strong><\/p>\n<ol>\n<li style=\"text-align: center;\">Przedszkole specjalne w Jaworze dla dzieci z niepe\u0142nosprawno\u015bci\u0105 intelektualn\u0105 w stopniu umiarkowanym, znacznym i g\u0142\u0119bokim, z autyzmem oraz niepe\u0142nosprawno\u015bciami sprz\u0119\u017conymi<\/li>\n<\/ol>\n<p style=\"text-align: center;\">2. Szko\u0142a podstawowa specjalna nr 2 dla dzieci z niepe\u0142nosprawno\u015bci\u0105 intelektualn\u0105 w stopniu umiarkowanym i znacznym<\/p>\n<p style=\"text-align: center;\">3. Szko\u0142a podstawowa specjalna nr 3 dla dzieci z niepe\u0142nosprawno\u015bci\u0105 intelektualn\u0105 w stopniu lekkim<\/p>\n<p style=\"text-align: center;\">4. Szko\u0142a specjalna przysposabiaj\u0105ca do pracy<\/p>\n<p style=\"text-align: center;\">5. Bran\u017cowa szko\u0142a specjalna I stopnia<\/p>\n<p>&nbsp;<\/p>\n<p style=\"text-align: center;\"><strong>INNE FORMY DZIA\u0141ALNO\u015aCI: <\/strong><\/p>\n<p style=\"text-align: center;\">1. Wczesne wspomaganie rozwoju dziecka<\/p>\n<p style=\"text-align: center;\">2. Zaj\u0119cia rewalidacyjno-wychowawcze<\/p>\n<p style=\"text-align: center;\">3. Internat<\/p>\n<p style=\"text-align: center;\">4. \u015awietlica, \u015bwietlica dla autyst\u00f3w<\/p>\n<p style=\"text-align: center;\">5. Sto\u0142\u00f3wka<\/p>\n<p style=\"text-align: center;\">6. Nauczanie indywidualne<\/p>\n<p>&nbsp;<\/p>\n","protected":false},"excerpt":{"rendered":"<p>SPECJALNY O\u015aRODEK SZKOLNO-WYCHOWAWCZY W JAWORZE RODZAJE SZK\u00d3\u0141 I FORMY DZIA\u0141ALNO\u015aCI &nbsp; RODZAJE SZK\u00d3\u0141: Przedszkole specjalne w Jaworze dla dzieci z niepe\u0142nosprawno\u015bci\u0105 intelektualn\u0105 w stopniu umiarkowanym, znacznym i g\u0142\u0119bokim, z autyzmem oraz niepe\u0142nosprawno\u015bciami sprz\u0119\u017conymi 2. Szko\u0142a podstawowa specjalna nr 2 dla dzieci z niepe\u0142nosprawno\u015bci\u0105 intelektualn\u0105 w stopniu umiarkowanym i znacznym 3. [&hellip;]<\/p>\n","protected":false},"author":4,"featured_media":0,"parent":0,"menu_order":0,"comment_status":"closed","ping_status":"closed","template":"","meta":[],"yoast_head":"<!-- This site is optimized with the Yoast SEO plugin v20.13 - https:\/\/yoast.com\/wordpress\/plugins\/seo\/ -->\n<title>Przedmiot dzia\u0142ania - SOSW Jawor - BIP<\/title>\n<meta name=\"robots\" content=\"index, follow, max-snippet:-1, max-image-preview:large, max-video-preview:-1\" \/>\n<link rel=\"canonical\" href=\"https:\/\/fievutysjg.cfolks.pl\/sosw-bip\/?page_id=2074\" \/>\n<meta property=\"og:locale\" content=\"pl_PL\" \/>\n<meta property=\"og:type\" content=\"article\" \/>\n<meta property=\"og:title\" content=\"Przedmiot dzia\u0142ania - SOSW Jawor - BIP\" \/>\n<meta property=\"og:description\" content=\"SPECJALNY O\u015aRODEK SZKOLNO-WYCHOWAWCZY W JAWORZE RODZAJE SZK\u00d3\u0141 I FORMY DZIA\u0141ALNO\u015aCI &nbsp; RODZAJE SZK\u00d3\u0141: Przedszkole specjalne w Jaworze dla dzieci z niepe\u0142nosprawno\u015bci\u0105 intelektualn\u0105 w stopniu umiarkowanym, znacznym i g\u0142\u0119bokim, z autyzmem oraz niepe\u0142nosprawno\u015bciami sprz\u0119\u017conymi 2. Szko\u0142a podstawowa specjalna nr 2 dla dzieci z niepe\u0142nosprawno\u015bci\u0105 intelektualn\u0105 w stopniu umiarkowanym i znacznym 3. [&hellip;]\" \/>\n<meta property=\"og:url\" content=\"https:\/\/fievutysjg.cfolks.pl\/sosw-bip\/?page_id=2074\" \/>\n<meta property=\"og:site_name\" content=\"SOSW Jawor - BIP\" \/>\n<meta property=\"article:modified_time\" content=\"2023-02-10T11:59:48+00:00\" \/>\n<meta name=\"twitter:card\" content=\"summary_large_image\" \/>\n<meta name=\"twitter:label1\" content=\"Szacowany czas czytania\" \/>\n\t<meta name=\"twitter:data1\" content=\"1 minuta\" \/>\n<script type=\"application\/ld+json\" class=\"yoast-schema-graph\">{\"@context\":\"https:\/\/schema.org\",\"@graph\":[{\"@type\":\"WebPage\",\"@id\":\"https:\/\/fievutysjg.cfolks.pl\/sosw-bip\/?page_id=2074\",\"url\":\"https:\/\/fievutysjg.cfolks.pl\/sosw-bip\/?page_id=2074\",\"name\":\"Przedmiot dzia\u0142ania - SOSW Jawor - BIP\",\"isPartOf\":{\"@id\":\"https:\/\/fievutysjg.cfolks.pl\/sosw-bip\/#website\"},\"datePublished\":\"2021-11-22T06:42:39+00:00\",\"dateModified\":\"2023-02-10T11:59:48+00:00\",\"breadcrumb\":{\"@id\":\"https:\/\/fievutysjg.cfolks.pl\/sosw-bip\/?page_id=2074#breadcrumb\"},\"inLanguage\":\"pl-PL\",\"potentialAction\":[{\"@type\":\"ReadAction\",\"target\":[\"https:\/\/fievutysjg.cfolks.pl\/sosw-bip\/?page_id=2074\"]}]},{\"@type\":\"BreadcrumbList\",\"@id\":\"https:\/\/fievutysjg.cfolks.pl\/sosw-bip\/?page_id=2074#breadcrumb\",\"itemListElement\":[{\"@type\":\"ListItem\",\"position\":1,\"name\":\"Home\",\"item\":\"https:\/\/fievutysjg.cfolks.pl\/sosw-bip\/\"},{\"@type\":\"ListItem\",\"position\":2,\"name\":\"Przedmiot dzia\u0142ania\"}]},{\"@type\":\"WebSite\",\"@id\":\"https:\/\/fievutysjg.cfolks.pl\/sosw-bip\/#website\",\"url\":\"https:\/\/fievutysjg.cfolks.pl\/sosw-bip\/\",\"name\":\"SOSW Jawor - BIP\",\"description\":\"Strona BIP\",\"potentialAction\":[{\"@type\":\"SearchAction\",\"target\":{\"@type\":\"EntryPoint\",\"urlTemplate\":\"https:\/\/fievutysjg.cfolks.pl\/sosw-bip\/?s={search_term_string}\"},\"query-input\":\"required name=search_term_string\"}],\"inLanguage\":\"pl-PL\"}]}<\/script>\n<!-- \/ Yoast SEO plugin. -->","yoast_head_json":{"title":"Przedmiot dzia\u0142ania - SOSW Jawor - BIP","robots":{"index":"index","follow":"follow","max-snippet":"max-snippet:-1","max-image-preview":"max-image-preview:large","max-video-preview":"max-video-preview:-1"},"canonical":"https:\/\/fievutysjg.cfolks.pl\/sosw-bip\/?page_id=2074","og_locale":"pl_PL","og_type":"article","og_title":"Przedmiot dzia\u0142ania - SOSW Jawor - BIP","og_description":"SPECJALNY O\u015aRODEK SZKOLNO-WYCHOWAWCZY W JAWORZE RODZAJE SZK\u00d3\u0141 I FORMY DZIA\u0141ALNO\u015aCI &nbsp; RODZAJE SZK\u00d3\u0141: Przedszkole specjalne w Jaworze dla dzieci z niepe\u0142nosprawno\u015bci\u0105 intelektualn\u0105 w stopniu umiarkowanym, znacznym i g\u0142\u0119bokim, z autyzmem oraz niepe\u0142nosprawno\u015bciami sprz\u0119\u017conymi 2. Szko\u0142a podstawowa specjalna nr 2 dla dzieci z niepe\u0142nosprawno\u015bci\u0105 intelektualn\u0105 w stopniu umiarkowanym i znacznym 3. [&hellip;]","og_url":"https:\/\/fievutysjg.cfolks.pl\/sosw-bip\/?page_id=2074","og_site_name":"SOSW Jawor - BIP","article_modified_time":"2023-02-10T11:59:48+00:00","twitter_card":"summary_large_image","twitter_misc":{"Szacowany czas czytania":"1 minuta"},"schema":{"@context":"https:\/\/schema.org","@graph":[{"@type":"WebPage","@id":"https:\/\/fievutysjg.cfolks.pl\/sosw-bip\/?page_id=2074","url":"https:\/\/fievutysjg.cfolks.pl\/sosw-bip\/?page_id=2074","name":"Przedmiot dzia\u0142ania - SOSW Jawor - BIP","isPartOf":{"@id":"https:\/\/fievutysjg.cfolks.pl\/sosw-bip\/#website"},"datePublished":"2021-11-22T06:42:39+00:00","dateModified":"2023-02-10T11:59:48+00:00","breadcrumb":{"@id":"https:\/\/fievutysjg.cfolks.pl\/sosw-bip\/?page_id=2074#breadcrumb"},"inLanguage":"pl-PL","potentialAction":[{"@type":"ReadAction","target":["https:\/\/fievutysjg.cfolks.pl\/sosw-bip\/?page_id=2074"]}]},{"@type":"BreadcrumbList","@id":"https:\/\/fievutysjg.cfolks.pl\/sosw-bip\/?page_id=2074#breadcrumb","itemListElement":[{"@type":"ListItem","position":1,"name":"Home","item":"https:\/\/fievutysjg.cfolks.pl\/sosw-bip\/"},{"@type":"ListItem","position":2,"name":"Przedmiot dzia\u0142ania"}]},{"@type":"WebSite","@id":"https:\/\/fievutysjg.cfolks.pl\/sosw-bip\/#website","url":"https:\/\/fievutysjg.cfolks.pl\/sosw-bip\/","name":"SOSW Jawor - BIP","description":"Strona BIP","potentialAction":[{"@type":"SearchAction","target":{"@type":"EntryPoint","urlTemplate":"https:\/\/fievutysjg.cfolks.pl\/sosw-bip\/?s={search_term_string}"},"query-input":"required name=search_term_string"}],"inLanguage":"pl-PL"}]}},"_links":{"self":[{"href":"https:\/\/fievutysjg.cfolks.pl\/sosw-bip\/index.php?rest_route=\/wp\/v2\/pages\/2074"}],"collection":[{"href":"https:\/\/fievutysjg.cfolks.pl\/sosw-bip\/index.php?rest_route=\/wp\/v2\/pages"}],"about":[{"href":"https:\/\/fievutysjg.cfolks.pl\/sosw-bip\/index.php?rest_route=\/wp\/v2\/types\/page"}],"author":[{"embeddable":true,"href":"https:\/\/fievutysjg.cfolks.pl\/sosw-bip\/index.php?rest_route=\/wp\/v2\/users\/4"}],"replies":[{"embeddable":true,"href":"https:\/\/fievutysjg.cfolks.pl\/sosw-bip\/index.php?rest_route=%2Fwp%2Fv2%2Fcomments&post=2074"}],"version-history":[{"count":6,"href":"https:\/\/fievutysjg.cfolks.pl\/sosw-bip\/index.php?rest_route=\/wp\/v2\/pages\/2074\/revisions"}],"predecessor-version":[{"id":2240,"href":"https:\/\/fievutysjg.cfolks.pl\/sosw-bip\/index.php?rest_route=\/wp\/v2\/pages\/2074\/revisions\/2240"}],"wp:attachment":[{"href":"https:\/\/fievutysjg.cfolks.pl\/sosw-bip\/index.php?rest_route=%2Fwp%2Fv2%2Fmedia&parent=2074"}],"curies":[{"name":"wp","href":"https:\/\/api.w.org\/{rel}","templated":true}]}}