{"id":2061,"date":"2021-11-22T07:34:41","date_gmt":"2021-11-22T06:34:41","guid":{"rendered":"https:\/\/server462349.nazwa.pl\/wordpress\/wpn_p309bip\/?page_id=2061"},"modified":"2024-11-13T08:02:27","modified_gmt":"2024-11-13T07:02:27","slug":"administrator-danych-osobowych","status":"publish","type":"page","link":"https:\/\/fievutysjg.cfolks.pl\/sosw-bip\/?page_id=2061","title":{"rendered":"Wy\u017cywienie i op\u0142aty"},"content":{"rendered":"<p style=\"text-align: center;\">1. Uczniowie przebywaj\u0105cy w internacie O\u015brodka maj\u0105 zapewnione pe\u0142ne wy\u017cywienie, tj.: \u015bniadanie, obiad i kolacj\u0119.<\/p>\n<p style=\"text-align: center;\">2. Uczniowie przebywaj\u0105cy na \u015bwietlicy maj\u0105 mo\u017cliwo\u015b\u0107 korzystania z obiad\u00f3w.<\/p>\n<p style=\"text-align: center;\">3. Dzieci ucz\u0119szczaj\u0105ce do Przedszkola maj\u0105 mo\u017cliwo\u015b\u0107 korzystania z pe\u0142nego wy\u017cywienia, tj.: \u015bniadanie, obiad i podwieczorek.<\/p>\n<p style=\"text-align: center;\">4. Uczniowie ponosz\u0105 koszty wy\u017cywienia w wysoko\u015bci:<\/p>\n<table class=\" aligncenter\" style=\"border-collapse: collapse; width: 60.6219%; height: 271px;\">\n<tbody>\n<tr style=\"height: 24px;\">\n<td style=\"width: 11.5213%; text-align: center; height: 24px;\"><strong>Plac\u00f3wka<\/strong><\/td>\n<td style=\"width: 15.921%; height: 24px; text-align: center;\"><strong>Rodzaj posi\u0142ku\u00a0<\/strong><\/td>\n<td style=\"width: 23.0625%; height: 24px; text-align: center;\"><strong>Cena posi\u0142ku<\/strong><\/td>\n<td style=\"width: 19.1166%; height: 24px; text-align: center;\"><strong>Razem<\/strong><\/td>\n<\/tr>\n<tr style=\"height: 24px;\">\n<td style=\"width: 11.5213%; height: 64px; text-align: center; vertical-align: middle;\" rowspan=\"3\">Internat<\/td>\n<td style=\"width: 15.921%; height: 24px; text-align: center;\">\u015aniadanie<\/td>\n<td style=\"width: 23.0625%; height: 24px; text-align: center;\">6,50 z\u0142<\/td>\n<td style=\"width: 19.1166%; height: 64px; text-align: center; vertical-align: middle;\" rowspan=\"3\">22,50 z\u0142<\/td>\n<\/tr>\n<tr style=\"height: 16px;\">\n<td style=\"width: 15.921%; height: 16px; text-align: center;\">Obiad<\/td>\n<td style=\"width: 23.0625%; height: 16px; text-align: center;\">11,00 z\u0142<\/td>\n<\/tr>\n<tr style=\"height: 24px;\">\n<td style=\"width: 15.921%; height: 24px; text-align: center;\">Kolacja<\/td>\n<td style=\"width: 23.0625%; height: 24px; text-align: center;\">5,00 z\u0142<\/td>\n<\/tr>\n<tr style=\"height: 24px;\">\n<td style=\"width: 11.5213%; height: 48px; text-align: center; vertical-align: middle;\" rowspan=\"2\">\u015awietlica<\/td>\n<td style=\"width: 15.921%; height: 24px; text-align: center;\">Zupa<\/td>\n<td style=\"width: 23.0625%; height: 24px; text-align: center;\">4,00 z\u0142<\/td>\n<td style=\"width: 19.1166%; height: 48px; text-align: center; vertical-align: middle;\" rowspan=\"2\">11,00 z\u0142<\/td>\n<\/tr>\n<tr style=\"height: 24px;\">\n<td style=\"width: 15.921%; height: 24px; text-align: center;\">II danie<\/td>\n<td style=\"width: 23.0625%; height: 24px; text-align: center;\">7,00 z\u0142<\/td>\n<\/tr>\n<tr style=\"height: 24px;\">\n<td style=\"width: 11.5213%; height: 96px; text-align: center; vertical-align: middle;\" rowspan=\"4\">Przedszkole<\/td>\n<td style=\"width: 15.921%; height: 24px; text-align: center;\">\u015aniadanie<\/td>\n<td style=\"width: 23.0625%; height: 24px; text-align: center;\">4,00 z\u0142<\/td>\n<td style=\"width: 19.1166%; height: 96px; text-align: center; vertical-align: middle;\" rowspan=\"4\">15,00 z\u0142<\/td>\n<\/tr>\n<tr style=\"height: 24px;\">\n<td style=\"width: 15.921%; height: 24px; text-align: center;\">Zupa<\/td>\n<td style=\"width: 23.0625%; height: 24px; text-align: center;\">3,00 z\u0142<\/td>\n<\/tr>\n<tr style=\"height: 24px;\">\n<td style=\"width: 15.921%; height: 24px; text-align: center;\">II danie<\/td>\n<td style=\"width: 23.0625%; height: 24px; text-align: center;\">5,50 z\u0142<\/td>\n<\/tr>\n<tr style=\"height: 24px;\">\n<td style=\"width: 15.921%; height: 24px; text-align: center;\">Podwieczorek<\/td>\n<td style=\"width: 23.0625%; height: 24px; text-align: center;\">2,50 z\u0142<\/td>\n<\/tr>\n<\/tbody>\n<\/table>\n<p>&nbsp;<\/p>\n<p>&nbsp;<\/p>\n<p>&nbsp;<\/p>\n<p>&nbsp;<\/p>\n<p style=\"text-align: center;\">5. Op\u0142at mo\u017cna dokonywa\u0107 w kasie O\u015brodka lub na konto.<\/p>\n<p style=\"text-align: center;\">W tytule przelewu nale\u017cy poda\u0107: <strong>imi\u0119 i nazwisko dziecka &#8211; op\u0142ata za posi\u0142ki za okres:&#8230;<\/strong><\/p>\n<p style=\"text-align: center;\">PKO Bank Polski w Jaworze <strong>98 1020 3017 0000 2302 0652 6281<\/strong><\/p>\n<p>&nbsp;<\/p>\n","protected":false},"excerpt":{"rendered":"<p>1. Uczniowie przebywaj\u0105cy w internacie O\u015brodka maj\u0105 zapewnione pe\u0142ne wy\u017cywienie, tj.: \u015bniadanie, obiad i kolacj\u0119. 2. Uczniowie przebywaj\u0105cy na \u015bwietlicy maj\u0105 mo\u017cliwo\u015b\u0107 korzystania z obiad\u00f3w. 3. Dzieci ucz\u0119szczaj\u0105ce do Przedszkola maj\u0105 mo\u017cliwo\u015b\u0107 korzystania z pe\u0142nego wy\u017cywienia, tj.: \u015bniadanie, obiad i podwieczorek. 4. Uczniowie ponosz\u0105 koszty wy\u017cywienia w wysoko\u015bci: Plac\u00f3wka Rodzaj [&hellip;]<\/p>\n","protected":false},"author":4,"featured_media":0,"parent":0,"menu_order":0,"comment_status":"closed","ping_status":"closed","template":"","meta":[],"yoast_head":"<!-- This site is optimized with the Yoast SEO plugin v20.13 - https:\/\/yoast.com\/wordpress\/plugins\/seo\/ -->\n<title>Wy\u017cywienie i op\u0142aty - SOSW Jawor - BIP<\/title>\n<meta name=\"robots\" content=\"index, follow, max-snippet:-1, max-image-preview:large, max-video-preview:-1\" \/>\n<link rel=\"canonical\" href=\"https:\/\/fievutysjg.cfolks.pl\/sosw-bip\/?page_id=2061\" \/>\n<meta property=\"og:locale\" content=\"pl_PL\" \/>\n<meta property=\"og:type\" content=\"article\" \/>\n<meta property=\"og:title\" content=\"Wy\u017cywienie i op\u0142aty - SOSW Jawor - BIP\" \/>\n<meta property=\"og:description\" content=\"1. Uczniowie przebywaj\u0105cy w internacie O\u015brodka maj\u0105 zapewnione pe\u0142ne wy\u017cywienie, tj.: \u015bniadanie, obiad i kolacj\u0119. 2. Uczniowie przebywaj\u0105cy na \u015bwietlicy maj\u0105 mo\u017cliwo\u015b\u0107 korzystania z obiad\u00f3w. 3. Dzieci ucz\u0119szczaj\u0105ce do Przedszkola maj\u0105 mo\u017cliwo\u015b\u0107 korzystania z pe\u0142nego wy\u017cywienia, tj.: \u015bniadanie, obiad i podwieczorek. 4. Uczniowie ponosz\u0105 koszty wy\u017cywienia w wysoko\u015bci: Plac\u00f3wka Rodzaj [&hellip;]\" \/>\n<meta property=\"og:url\" content=\"https:\/\/fievutysjg.cfolks.pl\/sosw-bip\/?page_id=2061\" \/>\n<meta property=\"og:site_name\" content=\"SOSW Jawor - BIP\" \/>\n<meta property=\"article:modified_time\" content=\"2024-11-13T07:02:27+00:00\" \/>\n<meta name=\"twitter:card\" content=\"summary_large_image\" \/>\n<meta name=\"twitter:label1\" content=\"Szacowany czas czytania\" \/>\n\t<meta name=\"twitter:data1\" content=\"1 minuta\" \/>\n<script type=\"application\/ld+json\" class=\"yoast-schema-graph\">{\"@context\":\"https:\/\/schema.org\",\"@graph\":[{\"@type\":\"WebPage\",\"@id\":\"https:\/\/fievutysjg.cfolks.pl\/sosw-bip\/?page_id=2061\",\"url\":\"https:\/\/fievutysjg.cfolks.pl\/sosw-bip\/?page_id=2061\",\"name\":\"Wy\u017cywienie i op\u0142aty - SOSW Jawor - BIP\",\"isPartOf\":{\"@id\":\"https:\/\/fievutysjg.cfolks.pl\/sosw-bip\/#website\"},\"datePublished\":\"2021-11-22T06:34:41+00:00\",\"dateModified\":\"2024-11-13T07:02:27+00:00\",\"breadcrumb\":{\"@id\":\"https:\/\/fievutysjg.cfolks.pl\/sosw-bip\/?page_id=2061#breadcrumb\"},\"inLanguage\":\"pl-PL\",\"potentialAction\":[{\"@type\":\"ReadAction\",\"target\":[\"https:\/\/fievutysjg.cfolks.pl\/sosw-bip\/?page_id=2061\"]}]},{\"@type\":\"BreadcrumbList\",\"@id\":\"https:\/\/fievutysjg.cfolks.pl\/sosw-bip\/?page_id=2061#breadcrumb\",\"itemListElement\":[{\"@type\":\"ListItem\",\"position\":1,\"name\":\"Home\",\"item\":\"https:\/\/fievutysjg.cfolks.pl\/sosw-bip\/\"},{\"@type\":\"ListItem\",\"position\":2,\"name\":\"Wy\u017cywienie i op\u0142aty\"}]},{\"@type\":\"WebSite\",\"@id\":\"https:\/\/fievutysjg.cfolks.pl\/sosw-bip\/#website\",\"url\":\"https:\/\/fievutysjg.cfolks.pl\/sosw-bip\/\",\"name\":\"SOSW Jawor - BIP\",\"description\":\"Strona BIP\",\"potentialAction\":[{\"@type\":\"SearchAction\",\"target\":{\"@type\":\"EntryPoint\",\"urlTemplate\":\"https:\/\/fievutysjg.cfolks.pl\/sosw-bip\/?s={search_term_string}\"},\"query-input\":\"required name=search_term_string\"}],\"inLanguage\":\"pl-PL\"}]}<\/script>\n<!-- \/ Yoast SEO plugin. -->","yoast_head_json":{"title":"Wy\u017cywienie i op\u0142aty - SOSW Jawor - BIP","robots":{"index":"index","follow":"follow","max-snippet":"max-snippet:-1","max-image-preview":"max-image-preview:large","max-video-preview":"max-video-preview:-1"},"canonical":"https:\/\/fievutysjg.cfolks.pl\/sosw-bip\/?page_id=2061","og_locale":"pl_PL","og_type":"article","og_title":"Wy\u017cywienie i op\u0142aty - SOSW Jawor - BIP","og_description":"1. Uczniowie przebywaj\u0105cy w internacie O\u015brodka maj\u0105 zapewnione pe\u0142ne wy\u017cywienie, tj.: \u015bniadanie, obiad i kolacj\u0119. 2. Uczniowie przebywaj\u0105cy na \u015bwietlicy maj\u0105 mo\u017cliwo\u015b\u0107 korzystania z obiad\u00f3w. 3. Dzieci ucz\u0119szczaj\u0105ce do Przedszkola maj\u0105 mo\u017cliwo\u015b\u0107 korzystania z pe\u0142nego wy\u017cywienia, tj.: \u015bniadanie, obiad i podwieczorek. 4. Uczniowie ponosz\u0105 koszty wy\u017cywienia w wysoko\u015bci: Plac\u00f3wka Rodzaj [&hellip;]","og_url":"https:\/\/fievutysjg.cfolks.pl\/sosw-bip\/?page_id=2061","og_site_name":"SOSW Jawor - BIP","article_modified_time":"2024-11-13T07:02:27+00:00","twitter_card":"summary_large_image","twitter_misc":{"Szacowany czas czytania":"1 minuta"},"schema":{"@context":"https:\/\/schema.org","@graph":[{"@type":"WebPage","@id":"https:\/\/fievutysjg.cfolks.pl\/sosw-bip\/?page_id=2061","url":"https:\/\/fievutysjg.cfolks.pl\/sosw-bip\/?page_id=2061","name":"Wy\u017cywienie i op\u0142aty - SOSW Jawor - BIP","isPartOf":{"@id":"https:\/\/fievutysjg.cfolks.pl\/sosw-bip\/#website"},"datePublished":"2021-11-22T06:34:41+00:00","dateModified":"2024-11-13T07:02:27+00:00","breadcrumb":{"@id":"https:\/\/fievutysjg.cfolks.pl\/sosw-bip\/?page_id=2061#breadcrumb"},"inLanguage":"pl-PL","potentialAction":[{"@type":"ReadAction","target":["https:\/\/fievutysjg.cfolks.pl\/sosw-bip\/?page_id=2061"]}]},{"@type":"BreadcrumbList","@id":"https:\/\/fievutysjg.cfolks.pl\/sosw-bip\/?page_id=2061#breadcrumb","itemListElement":[{"@type":"ListItem","position":1,"name":"Home","item":"https:\/\/fievutysjg.cfolks.pl\/sosw-bip\/"},{"@type":"ListItem","position":2,"name":"Wy\u017cywienie i op\u0142aty"}]},{"@type":"WebSite","@id":"https:\/\/fievutysjg.cfolks.pl\/sosw-bip\/#website","url":"https:\/\/fievutysjg.cfolks.pl\/sosw-bip\/","name":"SOSW Jawor - BIP","description":"Strona BIP","potentialAction":[{"@type":"SearchAction","target":{"@type":"EntryPoint","urlTemplate":"https:\/\/fievutysjg.cfolks.pl\/sosw-bip\/?s={search_term_string}"},"query-input":"required name=search_term_string"}],"inLanguage":"pl-PL"}]}},"_links":{"self":[{"href":"https:\/\/fievutysjg.cfolks.pl\/sosw-bip\/index.php?rest_route=\/wp\/v2\/pages\/2061"}],"collection":[{"href":"https:\/\/fievutysjg.cfolks.pl\/sosw-bip\/index.php?rest_route=\/wp\/v2\/pages"}],"about":[{"href":"https:\/\/fievutysjg.cfolks.pl\/sosw-bip\/index.php?rest_route=\/wp\/v2\/types\/page"}],"author":[{"embeddable":true,"href":"https:\/\/fievutysjg.cfolks.pl\/sosw-bip\/index.php?rest_route=\/wp\/v2\/users\/4"}],"replies":[{"embeddable":true,"href":"https:\/\/fievutysjg.cfolks.pl\/sosw-bip\/index.php?rest_route=%2Fwp%2Fv2%2Fcomments&post=2061"}],"version-history":[{"count":20,"href":"https:\/\/fievutysjg.cfolks.pl\/sosw-bip\/index.php?rest_route=\/wp\/v2\/pages\/2061\/revisions"}],"predecessor-version":[{"id":2382,"href":"https:\/\/fievutysjg.cfolks.pl\/sosw-bip\/index.php?rest_route=\/wp\/v2\/pages\/2061\/revisions\/2382"}],"wp:attachment":[{"href":"https:\/\/fievutysjg.cfolks.pl\/sosw-bip\/index.php?rest_route=%2Fwp%2Fv2%2Fmedia&parent=2061"}],"curies":[{"name":"wp","href":"https:\/\/api.w.org\/{rel}","templated":true}]}}