{"id":2024,"date":"2021-11-14T11:46:53","date_gmt":"2021-11-14T10:46:53","guid":{"rendered":"https:\/\/server462349.nazwa.pl\/wordpress\/wpn_p309bip\/?page_id=2024"},"modified":"2025-09-18T10:10:39","modified_gmt":"2025-09-18T08:10:39","slug":"kontakt","status":"publish","type":"page","link":"https:\/\/fievutysjg.cfolks.pl\/sosw-bip\/?page_id=2024","title":{"rendered":"Kontakt"},"content":{"rendered":"<p style=\"text-align: center;\"><a href=\"https:\/\/fievutysjg.cfolks.pl\/sosw-bip\/?attachment_id=2404\" rel=\"attachment wp-att-2404\"><img decoding=\"async\" loading=\"lazy\" class=\"alignnone size-medium wp-image-2404\" src=\"https:\/\/fievutysjg.cfolks.pl\/sosw-bip\/wp-content\/uploads\/2025\/09\/logo-e1758182767865-300x298.png\" alt=\"\" width=\"300\" height=\"298\" srcset=\"https:\/\/fievutysjg.cfolks.pl\/sosw-bip\/wp-content\/uploads\/2025\/09\/logo-e1758182767865-300x298.png 300w, https:\/\/fievutysjg.cfolks.pl\/sosw-bip\/wp-content\/uploads\/2025\/09\/logo-e1758182767865-150x150.png 150w, https:\/\/fievutysjg.cfolks.pl\/sosw-bip\/wp-content\/uploads\/2025\/09\/logo-e1758182767865-90x90.png 90w, https:\/\/fievutysjg.cfolks.pl\/sosw-bip\/wp-content\/uploads\/2025\/09\/logo-e1758182767865.png 751w\" sizes=\"(max-width: 300px) 100vw, 300px\" \/><\/a><\/p>\n<p style=\"text-align: center;\"><span style=\"font-size: 24pt;\"><strong>Specjalny O\u015brodek Szkolno-Wychowawczy <\/strong><\/span><\/p>\n<p style=\"text-align: center;\"><span style=\"font-size: 24pt;\"><strong>im. Marii Konopnickiej <\/strong><\/span><\/p>\n<p style=\"text-align: center;\"><span style=\"font-size: 24pt;\"><strong>w Jaworze<\/strong><\/span><\/p>\n<p style=\"text-align: center;\"><span style=\"font-size: 14pt;\"><strong>ul. Paderewskiego 6\u00a0<\/strong><\/span><\/p>\n<p style=\"text-align: center;\"><span style=\"font-size: 14pt;\"><strong>59-400 Jawor<\/strong><\/span><\/p>\n<p style=\"text-align: center;\"><span style=\"font-size: 14pt;\"><a href=\"https:\/\/soswjawor.pl\/\">www.soswjawor.pl\u00a0<\/a><\/span><\/p>\n<p style=\"text-align: center;\"><span style=\"font-size: 12pt;\">NIP: 695-100-88-43\u00a0 \u00a0 \u00a0REGON: 000236984<\/span><\/p>\n<table class=\" aligncenter\" style=\"width: 36.8384%; border-collapse: collapse;\">\n<tbody>\n<tr>\n<td style=\"width: 15.8464%; text-align: center;\"><span style=\"font-size: 12pt;\">Poniedzia\u0142ek<\/span><\/td>\n<td style=\"width: 36.3302%; text-align: center;\"><span style=\"font-size: 12pt;\">7:00 &#8211; 15:00<\/span><\/td>\n<\/tr>\n<tr>\n<td style=\"width: 15.8464%; text-align: center;\"><span style=\"font-size: 12pt;\">Wtorek<\/span><\/td>\n<td style=\"width: 36.3302%; text-align: center;\"><span style=\"font-size: 12pt;\">7:00 &#8211; 15:00<\/span><\/td>\n<\/tr>\n<tr>\n<td style=\"width: 15.8464%; text-align: center;\"><span style=\"font-size: 12pt;\">\u015aroda<\/span><\/td>\n<td style=\"width: 36.3302%; text-align: center;\"><span style=\"font-size: 12pt;\">7:00 &#8211; 15:00<\/span><\/td>\n<\/tr>\n<tr>\n<td style=\"width: 15.8464%; text-align: center;\"><span style=\"font-size: 12pt;\">Czwartek<\/span><\/td>\n<td style=\"width: 36.3302%; text-align: center;\"><span style=\"font-size: 12pt;\">7:00 &#8211; 15:00<\/span><\/td>\n<\/tr>\n<tr>\n<td style=\"width: 15.8464%; text-align: center;\"><span style=\"font-size: 12pt;\">Pi\u0105tek<\/span><\/td>\n<td style=\"width: 36.3302%; text-align: center;\"><span style=\"font-size: 12pt;\">7:00 &#8211; 15:00<\/span><\/td>\n<\/tr>\n<\/tbody>\n<\/table>\n<p>&nbsp;<\/p>\n<p style=\"text-align: center;\"><span style=\"font-size: 14pt;\"><strong>Kontakt\u00a0<\/strong><\/span><\/p>\n<table class=\" aligncenter\" style=\"width: 60.8141%; border-collapse: collapse;\">\n<tbody>\n<tr>\n<td style=\"width: 12.0059%; text-align: center;\"><\/td>\n<td style=\"width: 37.7844%; text-align: center;\"><span style=\"font-size: 12pt;\">Telefon<\/span><\/td>\n<td style=\"width: 15.8403%; text-align: center;\"><span style=\"font-size: 12pt;\">e-mail<\/span><\/td>\n<\/tr>\n<tr>\n<td style=\"width: 12.0059%; text-align: center;\"><span style=\"font-size: 12pt;\">Sekretariat<\/span><\/td>\n<td style=\"width: 37.7844%; text-align: center;\"><span style=\"font-size: 12pt;\">76 870 24 72<\/span><\/td>\n<td style=\"width: 15.8403%; text-align: center;\"><span style=\"font-size: 12pt;\">sekretariat@soswjawor.pl<\/span><\/td>\n<\/tr>\n<tr>\n<td style=\"width: 12.0059%; text-align: center;\"><span style=\"font-size: 12pt;\">Ksi\u0119gowo\u015b\u0107<\/span><\/td>\n<td style=\"width: 37.7844%; text-align: center;\"><span style=\"font-size: 12pt;\">76 870 29 63<\/span><\/td>\n<td style=\"width: 15.8403%; text-align: center;\"><span style=\"font-size: 12pt;\">ksiegowosc@soswjawor.pl<\/span><\/td>\n<\/tr>\n<\/tbody>\n<\/table>\n<p>&nbsp;<\/p>\n","protected":false},"excerpt":{"rendered":"<p>Specjalny O\u015brodek Szkolno-Wychowawczy im. Marii Konopnickiej w Jaworze ul. Paderewskiego 6\u00a0 59-400 Jawor www.soswjawor.pl\u00a0 NIP: 695-100-88-43\u00a0 \u00a0 \u00a0REGON: 000236984 Poniedzia\u0142ek 7:00 &#8211; 15:00 Wtorek 7:00 &#8211; 15:00 \u015aroda 7:00 &#8211; 15:00 Czwartek 7:00 &#8211; 15:00 Pi\u0105tek 7:00 &#8211; 15:00 &nbsp; Kontakt\u00a0 Telefon e-mail Sekretariat 76 870 24 72 sekretariat@soswjawor.pl Ksi\u0119gowo\u015b\u0107 [&hellip;]<\/p>\n","protected":false},"author":4,"featured_media":0,"parent":0,"menu_order":0,"comment_status":"closed","ping_status":"closed","template":"","meta":[],"yoast_head":"<!-- This site is optimized with the Yoast SEO plugin v20.13 - https:\/\/yoast.com\/wordpress\/plugins\/seo\/ -->\n<title>Kontakt - SOSW Jawor - BIP<\/title>\n<meta name=\"robots\" content=\"index, follow, max-snippet:-1, max-image-preview:large, max-video-preview:-1\" \/>\n<link rel=\"canonical\" href=\"https:\/\/fievutysjg.cfolks.pl\/sosw-bip\/?page_id=2024\" \/>\n<meta property=\"og:locale\" content=\"pl_PL\" \/>\n<meta property=\"og:type\" content=\"article\" \/>\n<meta property=\"og:title\" content=\"Kontakt - SOSW Jawor - BIP\" \/>\n<meta property=\"og:description\" content=\"Specjalny O\u015brodek Szkolno-Wychowawczy im. Marii Konopnickiej w Jaworze ul. Paderewskiego 6\u00a0 59-400 Jawor www.soswjawor.pl\u00a0 NIP: 695-100-88-43\u00a0 \u00a0 \u00a0REGON: 000236984 Poniedzia\u0142ek 7:00 &#8211; 15:00 Wtorek 7:00 &#8211; 15:00 \u015aroda 7:00 &#8211; 15:00 Czwartek 7:00 &#8211; 15:00 Pi\u0105tek 7:00 &#8211; 15:00 &nbsp; Kontakt\u00a0 Telefon e-mail Sekretariat 76 870 24 72 sekretariat@soswjawor.pl Ksi\u0119gowo\u015b\u0107 [&hellip;]\" \/>\n<meta property=\"og:url\" content=\"https:\/\/fievutysjg.cfolks.pl\/sosw-bip\/?page_id=2024\" \/>\n<meta property=\"og:site_name\" content=\"SOSW Jawor - BIP\" \/>\n<meta property=\"article:modified_time\" content=\"2025-09-18T08:10:39+00:00\" \/>\n<meta property=\"og:image\" content=\"https:\/\/fievutysjg.cfolks.pl\/sosw-bip\/wp-content\/uploads\/2025\/09\/logo-e1758182767865-300x298.png\" \/>\n<meta name=\"twitter:card\" content=\"summary_large_image\" \/>\n<meta name=\"twitter:label1\" content=\"Szacowany czas czytania\" \/>\n\t<meta name=\"twitter:data1\" content=\"1 minuta\" \/>\n<script type=\"application\/ld+json\" class=\"yoast-schema-graph\">{\"@context\":\"https:\/\/schema.org\",\"@graph\":[{\"@type\":\"WebPage\",\"@id\":\"https:\/\/fievutysjg.cfolks.pl\/sosw-bip\/?page_id=2024\",\"url\":\"https:\/\/fievutysjg.cfolks.pl\/sosw-bip\/?page_id=2024\",\"name\":\"Kontakt - SOSW Jawor - BIP\",\"isPartOf\":{\"@id\":\"https:\/\/fievutysjg.cfolks.pl\/sosw-bip\/#website\"},\"datePublished\":\"2021-11-14T10:46:53+00:00\",\"dateModified\":\"2025-09-18T08:10:39+00:00\",\"breadcrumb\":{\"@id\":\"https:\/\/fievutysjg.cfolks.pl\/sosw-bip\/?page_id=2024#breadcrumb\"},\"inLanguage\":\"pl-PL\",\"potentialAction\":[{\"@type\":\"ReadAction\",\"target\":[\"https:\/\/fievutysjg.cfolks.pl\/sosw-bip\/?page_id=2024\"]}]},{\"@type\":\"BreadcrumbList\",\"@id\":\"https:\/\/fievutysjg.cfolks.pl\/sosw-bip\/?page_id=2024#breadcrumb\",\"itemListElement\":[{\"@type\":\"ListItem\",\"position\":1,\"name\":\"Home\",\"item\":\"https:\/\/fievutysjg.cfolks.pl\/sosw-bip\/\"},{\"@type\":\"ListItem\",\"position\":2,\"name\":\"Kontakt\"}]},{\"@type\":\"WebSite\",\"@id\":\"https:\/\/fievutysjg.cfolks.pl\/sosw-bip\/#website\",\"url\":\"https:\/\/fievutysjg.cfolks.pl\/sosw-bip\/\",\"name\":\"SOSW Jawor - BIP\",\"description\":\"Strona BIP\",\"potentialAction\":[{\"@type\":\"SearchAction\",\"target\":{\"@type\":\"EntryPoint\",\"urlTemplate\":\"https:\/\/fievutysjg.cfolks.pl\/sosw-bip\/?s={search_term_string}\"},\"query-input\":\"required name=search_term_string\"}],\"inLanguage\":\"pl-PL\"}]}<\/script>\n<!-- \/ Yoast SEO plugin. -->","yoast_head_json":{"title":"Kontakt - SOSW Jawor - BIP","robots":{"index":"index","follow":"follow","max-snippet":"max-snippet:-1","max-image-preview":"max-image-preview:large","max-video-preview":"max-video-preview:-1"},"canonical":"https:\/\/fievutysjg.cfolks.pl\/sosw-bip\/?page_id=2024","og_locale":"pl_PL","og_type":"article","og_title":"Kontakt - SOSW Jawor - BIP","og_description":"Specjalny O\u015brodek Szkolno-Wychowawczy im. Marii Konopnickiej w Jaworze ul. Paderewskiego 6\u00a0 59-400 Jawor www.soswjawor.pl\u00a0 NIP: 695-100-88-43\u00a0 \u00a0 \u00a0REGON: 000236984 Poniedzia\u0142ek 7:00 &#8211; 15:00 Wtorek 7:00 &#8211; 15:00 \u015aroda 7:00 &#8211; 15:00 Czwartek 7:00 &#8211; 15:00 Pi\u0105tek 7:00 &#8211; 15:00 &nbsp; Kontakt\u00a0 Telefon e-mail Sekretariat 76 870 24 72 sekretariat@soswjawor.pl Ksi\u0119gowo\u015b\u0107 [&hellip;]","og_url":"https:\/\/fievutysjg.cfolks.pl\/sosw-bip\/?page_id=2024","og_site_name":"SOSW Jawor - BIP","article_modified_time":"2025-09-18T08:10:39+00:00","og_image":[{"url":"https:\/\/fievutysjg.cfolks.pl\/sosw-bip\/wp-content\/uploads\/2025\/09\/logo-e1758182767865-300x298.png"}],"twitter_card":"summary_large_image","twitter_misc":{"Szacowany czas czytania":"1 minuta"},"schema":{"@context":"https:\/\/schema.org","@graph":[{"@type":"WebPage","@id":"https:\/\/fievutysjg.cfolks.pl\/sosw-bip\/?page_id=2024","url":"https:\/\/fievutysjg.cfolks.pl\/sosw-bip\/?page_id=2024","name":"Kontakt - SOSW Jawor - BIP","isPartOf":{"@id":"https:\/\/fievutysjg.cfolks.pl\/sosw-bip\/#website"},"datePublished":"2021-11-14T10:46:53+00:00","dateModified":"2025-09-18T08:10:39+00:00","breadcrumb":{"@id":"https:\/\/fievutysjg.cfolks.pl\/sosw-bip\/?page_id=2024#breadcrumb"},"inLanguage":"pl-PL","potentialAction":[{"@type":"ReadAction","target":["https:\/\/fievutysjg.cfolks.pl\/sosw-bip\/?page_id=2024"]}]},{"@type":"BreadcrumbList","@id":"https:\/\/fievutysjg.cfolks.pl\/sosw-bip\/?page_id=2024#breadcrumb","itemListElement":[{"@type":"ListItem","position":1,"name":"Home","item":"https:\/\/fievutysjg.cfolks.pl\/sosw-bip\/"},{"@type":"ListItem","position":2,"name":"Kontakt"}]},{"@type":"WebSite","@id":"https:\/\/fievutysjg.cfolks.pl\/sosw-bip\/#website","url":"https:\/\/fievutysjg.cfolks.pl\/sosw-bip\/","name":"SOSW Jawor - BIP","description":"Strona BIP","potentialAction":[{"@type":"SearchAction","target":{"@type":"EntryPoint","urlTemplate":"https:\/\/fievutysjg.cfolks.pl\/sosw-bip\/?s={search_term_string}"},"query-input":"required name=search_term_string"}],"inLanguage":"pl-PL"}]}},"_links":{"self":[{"href":"https:\/\/fievutysjg.cfolks.pl\/sosw-bip\/index.php?rest_route=\/wp\/v2\/pages\/2024"}],"collection":[{"href":"https:\/\/fievutysjg.cfolks.pl\/sosw-bip\/index.php?rest_route=\/wp\/v2\/pages"}],"about":[{"href":"https:\/\/fievutysjg.cfolks.pl\/sosw-bip\/index.php?rest_route=\/wp\/v2\/types\/page"}],"author":[{"embeddable":true,"href":"https:\/\/fievutysjg.cfolks.pl\/sosw-bip\/index.php?rest_route=\/wp\/v2\/users\/4"}],"replies":[{"embeddable":true,"href":"https:\/\/fievutysjg.cfolks.pl\/sosw-bip\/index.php?rest_route=%2Fwp%2Fv2%2Fcomments&post=2024"}],"version-history":[{"count":29,"href":"https:\/\/fievutysjg.cfolks.pl\/sosw-bip\/index.php?rest_route=\/wp\/v2\/pages\/2024\/revisions"}],"predecessor-version":[{"id":2412,"href":"https:\/\/fievutysjg.cfolks.pl\/sosw-bip\/index.php?rest_route=\/wp\/v2\/pages\/2024\/revisions\/2412"}],"wp:attachment":[{"href":"https:\/\/fievutysjg.cfolks.pl\/sosw-bip\/index.php?rest_route=%2Fwp%2Fv2%2Fmedia&parent=2024"}],"curies":[{"name":"wp","href":"https:\/\/api.w.org\/{rel}","templated":true}]}}