{"id":2020,"date":"2021-11-14T11:46:27","date_gmt":"2021-11-14T10:46:27","guid":{"rendered":"https:\/\/server462349.nazwa.pl\/wordpress\/wpn_p309bip\/?page_id=2020"},"modified":"2025-11-18T12:40:34","modified_gmt":"2025-11-18T11:40:34","slug":"deklaracja-dostepnosci","status":"publish","type":"page","link":"https:\/\/fievutysjg.cfolks.pl\/sosw-bip\/?page_id=2020","title":{"rendered":"Deklaracja dost\u0119pno\u015bci"},"content":{"rendered":"<p style=\"text-align: center;\"><strong>Deklaracja dost\u0119pno\u015bci:<\/strong><\/p>\n<table class=\" aligncenter\" style=\"width: 67.4124%; border-collapse: collapse;\">\n<tbody>\n<tr>\n<td style=\"width: 17.7107%; text-align: center;\"><strong>Data deklaracji\u00a0<\/strong><\/td>\n<td style=\"width: 49.7017%; text-align: center;\"><strong>Link do deklaracji\u00a0<\/strong><\/td>\n<\/tr>\n<tr>\n<td style=\"width: 17.7107%; text-align: center;\">31.03.2025<\/td>\n<td style=\"width: 49.7017%; text-align: center;\"><a href=\"https:\/\/fievutysjg.cfolks.pl\/sosw-bip\/?attachment_id=2390\" target=\"_blank\" rel=\"attachment noopener wp-att-2390\">Deklaracja dost\u0119pno\u015bci<\/a><\/td>\n<\/tr>\n<tr>\n<td style=\"width: 17.7107%; text-align: center;\">08.02.2023<\/td>\n<td style=\"width: 49.7017%; text-align: center;\"><a href=\"https:\/\/fievutysjg.cfolks.pl\/sosw-bip\/?attachment_id=2222\" rel=\"attachment wp-att-2222\">Deklaracja dost\u0119pno\u015bci<\/a><\/td>\n<\/tr>\n<tr>\n<td style=\"width: 17.7107%; text-align: center;\">01.06.2022<\/td>\n<td style=\"width: 49.7017%; text-align: center;\"><a href=\"https:\/\/fievutysjg.cfolks.pl\/sosw-bip\/wp-content\/uploads\/2023\/02\/dostepnosc.pdf\" target=\"_blank\" rel=\"noopener\">Deklaracja dost\u0119pno\u015bci<\/a><\/td>\n<\/tr>\n<\/tbody>\n<\/table>\n<p>&nbsp;<\/p>\n<p style=\"text-align: center;\"><strong>Raport o stanie dost\u0119pno\u015bci:<\/strong><\/p>\n<table class=\" aligncenter\" style=\"width: 67.4124%; border-collapse: collapse;\">\n<tbody>\n<tr>\n<td style=\"width: 17.7107%; text-align: center;\"><strong>Data raportu\u00a0<\/strong><\/td>\n<td style=\"width: 49.7017%; text-align: center;\"><strong>Link do raportu\u00a0<\/strong><\/td>\n<\/tr>\n<tr>\n<td style=\"width: 17.7107%; text-align: center;\">22.01.2025<\/td>\n<td style=\"width: 49.7017%; text-align: center;\"><a href=\"https:\/\/fievutysjg.cfolks.pl\/sosw-bip\/?attachment_id=2392\" target=\"_blank\" rel=\"attachment noopener wp-att-2392\">Raport zD<\/a><\/td>\n<\/tr>\n<tr>\n<td style=\"width: 17.7107%; text-align: center;\">27.01.2021<\/td>\n<td style=\"width: 49.7017%; text-align: center;\"><a href=\"https:\/\/fievutysjg.cfolks.pl\/sosw-bip\/?attachment_id=2219\" target=\"_blank\" rel=\"attachment noopener wp-att-2219\">Raport zD<\/a><\/td>\n<\/tr>\n<\/tbody>\n<\/table>\n<p>&nbsp;<\/p>\n<p style=\"text-align: center;\"><strong>Koordynator dost\u0119pno\u015bci:<\/strong><\/p>\n<p style=\"text-align: center;\">Wszelkie uwagi dotycz\u0105ce dost\u0119pno\u015bci w Specjalnym O\u015brodku Szkolno-Wychowawczym w Jaworze prosimy kierowa\u0107 do:<\/p>\n<p style=\"text-align: center;\">Pani Ewy Skwark, tel.: 76 870 24 72, e-mail: sekretariat@soswjawor.pl<\/p>\n","protected":false},"excerpt":{"rendered":"<p>Deklaracja dost\u0119pno\u015bci: Data deklaracji\u00a0 Link do deklaracji\u00a0 31.03.2025 Deklaracja dost\u0119pno\u015bci 08.02.2023 Deklaracja dost\u0119pno\u015bci 01.06.2022 Deklaracja dost\u0119pno\u015bci &nbsp; Raport o stanie dost\u0119pno\u015bci: Data raportu\u00a0 Link do raportu\u00a0 22.01.2025 Raport zD 27.01.2021 Raport zD &nbsp; Koordynator dost\u0119pno\u015bci: Wszelkie uwagi dotycz\u0105ce dost\u0119pno\u015bci w Specjalnym O\u015brodku Szkolno-Wychowawczym w Jaworze prosimy kierowa\u0107 do: Pani Ewy [&hellip;]<\/p>\n","protected":false},"author":4,"featured_media":0,"parent":0,"menu_order":0,"comment_status":"closed","ping_status":"closed","template":"","meta":[],"yoast_head":"<!-- This site is optimized with the Yoast SEO plugin v20.13 - https:\/\/yoast.com\/wordpress\/plugins\/seo\/ -->\n<title>Deklaracja dost\u0119pno\u015bci - SOSW Jawor - BIP<\/title>\n<meta name=\"robots\" content=\"index, follow, max-snippet:-1, max-image-preview:large, max-video-preview:-1\" \/>\n<link rel=\"canonical\" href=\"https:\/\/fievutysjg.cfolks.pl\/sosw-bip\/?page_id=2020\" \/>\n<meta property=\"og:locale\" content=\"pl_PL\" \/>\n<meta property=\"og:type\" content=\"article\" \/>\n<meta property=\"og:title\" content=\"Deklaracja dost\u0119pno\u015bci - SOSW Jawor - BIP\" \/>\n<meta property=\"og:description\" content=\"Deklaracja dost\u0119pno\u015bci: Data deklaracji\u00a0 Link do deklaracji\u00a0 31.03.2025 Deklaracja dost\u0119pno\u015bci 08.02.2023 Deklaracja dost\u0119pno\u015bci 01.06.2022 Deklaracja dost\u0119pno\u015bci &nbsp; Raport o stanie dost\u0119pno\u015bci: Data raportu\u00a0 Link do raportu\u00a0 22.01.2025 Raport zD 27.01.2021 Raport zD &nbsp; Koordynator dost\u0119pno\u015bci: Wszelkie uwagi dotycz\u0105ce dost\u0119pno\u015bci w Specjalnym O\u015brodku Szkolno-Wychowawczym w Jaworze prosimy kierowa\u0107 do: Pani Ewy [&hellip;]\" \/>\n<meta property=\"og:url\" content=\"https:\/\/fievutysjg.cfolks.pl\/sosw-bip\/?page_id=2020\" \/>\n<meta property=\"og:site_name\" content=\"SOSW Jawor - BIP\" \/>\n<meta property=\"article:modified_time\" content=\"2025-11-18T11:40:34+00:00\" \/>\n<meta name=\"twitter:card\" content=\"summary_large_image\" \/>\n<meta name=\"twitter:label1\" content=\"Szacowany czas czytania\" \/>\n\t<meta name=\"twitter:data1\" content=\"1 minuta\" \/>\n<script type=\"application\/ld+json\" class=\"yoast-schema-graph\">{\"@context\":\"https:\/\/schema.org\",\"@graph\":[{\"@type\":\"WebPage\",\"@id\":\"https:\/\/fievutysjg.cfolks.pl\/sosw-bip\/?page_id=2020\",\"url\":\"https:\/\/fievutysjg.cfolks.pl\/sosw-bip\/?page_id=2020\",\"name\":\"Deklaracja dost\u0119pno\u015bci - SOSW Jawor - BIP\",\"isPartOf\":{\"@id\":\"https:\/\/fievutysjg.cfolks.pl\/sosw-bip\/#website\"},\"datePublished\":\"2021-11-14T10:46:27+00:00\",\"dateModified\":\"2025-11-18T11:40:34+00:00\",\"breadcrumb\":{\"@id\":\"https:\/\/fievutysjg.cfolks.pl\/sosw-bip\/?page_id=2020#breadcrumb\"},\"inLanguage\":\"pl-PL\",\"potentialAction\":[{\"@type\":\"ReadAction\",\"target\":[\"https:\/\/fievutysjg.cfolks.pl\/sosw-bip\/?page_id=2020\"]}]},{\"@type\":\"BreadcrumbList\",\"@id\":\"https:\/\/fievutysjg.cfolks.pl\/sosw-bip\/?page_id=2020#breadcrumb\",\"itemListElement\":[{\"@type\":\"ListItem\",\"position\":1,\"name\":\"Home\",\"item\":\"https:\/\/fievutysjg.cfolks.pl\/sosw-bip\/\"},{\"@type\":\"ListItem\",\"position\":2,\"name\":\"Deklaracja dost\u0119pno\u015bci\"}]},{\"@type\":\"WebSite\",\"@id\":\"https:\/\/fievutysjg.cfolks.pl\/sosw-bip\/#website\",\"url\":\"https:\/\/fievutysjg.cfolks.pl\/sosw-bip\/\",\"name\":\"SOSW Jawor - BIP\",\"description\":\"Strona BIP\",\"potentialAction\":[{\"@type\":\"SearchAction\",\"target\":{\"@type\":\"EntryPoint\",\"urlTemplate\":\"https:\/\/fievutysjg.cfolks.pl\/sosw-bip\/?s={search_term_string}\"},\"query-input\":\"required name=search_term_string\"}],\"inLanguage\":\"pl-PL\"}]}<\/script>\n<!-- \/ Yoast SEO plugin. -->","yoast_head_json":{"title":"Deklaracja dost\u0119pno\u015bci - SOSW Jawor - BIP","robots":{"index":"index","follow":"follow","max-snippet":"max-snippet:-1","max-image-preview":"max-image-preview:large","max-video-preview":"max-video-preview:-1"},"canonical":"https:\/\/fievutysjg.cfolks.pl\/sosw-bip\/?page_id=2020","og_locale":"pl_PL","og_type":"article","og_title":"Deklaracja dost\u0119pno\u015bci - SOSW Jawor - BIP","og_description":"Deklaracja dost\u0119pno\u015bci: Data deklaracji\u00a0 Link do deklaracji\u00a0 31.03.2025 Deklaracja dost\u0119pno\u015bci 08.02.2023 Deklaracja dost\u0119pno\u015bci 01.06.2022 Deklaracja dost\u0119pno\u015bci &nbsp; Raport o stanie dost\u0119pno\u015bci: Data raportu\u00a0 Link do raportu\u00a0 22.01.2025 Raport zD 27.01.2021 Raport zD &nbsp; Koordynator dost\u0119pno\u015bci: Wszelkie uwagi dotycz\u0105ce dost\u0119pno\u015bci w Specjalnym O\u015brodku Szkolno-Wychowawczym w Jaworze prosimy kierowa\u0107 do: Pani Ewy [&hellip;]","og_url":"https:\/\/fievutysjg.cfolks.pl\/sosw-bip\/?page_id=2020","og_site_name":"SOSW Jawor - BIP","article_modified_time":"2025-11-18T11:40:34+00:00","twitter_card":"summary_large_image","twitter_misc":{"Szacowany czas czytania":"1 minuta"},"schema":{"@context":"https:\/\/schema.org","@graph":[{"@type":"WebPage","@id":"https:\/\/fievutysjg.cfolks.pl\/sosw-bip\/?page_id=2020","url":"https:\/\/fievutysjg.cfolks.pl\/sosw-bip\/?page_id=2020","name":"Deklaracja dost\u0119pno\u015bci - SOSW Jawor - BIP","isPartOf":{"@id":"https:\/\/fievutysjg.cfolks.pl\/sosw-bip\/#website"},"datePublished":"2021-11-14T10:46:27+00:00","dateModified":"2025-11-18T11:40:34+00:00","breadcrumb":{"@id":"https:\/\/fievutysjg.cfolks.pl\/sosw-bip\/?page_id=2020#breadcrumb"},"inLanguage":"pl-PL","potentialAction":[{"@type":"ReadAction","target":["https:\/\/fievutysjg.cfolks.pl\/sosw-bip\/?page_id=2020"]}]},{"@type":"BreadcrumbList","@id":"https:\/\/fievutysjg.cfolks.pl\/sosw-bip\/?page_id=2020#breadcrumb","itemListElement":[{"@type":"ListItem","position":1,"name":"Home","item":"https:\/\/fievutysjg.cfolks.pl\/sosw-bip\/"},{"@type":"ListItem","position":2,"name":"Deklaracja dost\u0119pno\u015bci"}]},{"@type":"WebSite","@id":"https:\/\/fievutysjg.cfolks.pl\/sosw-bip\/#website","url":"https:\/\/fievutysjg.cfolks.pl\/sosw-bip\/","name":"SOSW Jawor - BIP","description":"Strona BIP","potentialAction":[{"@type":"SearchAction","target":{"@type":"EntryPoint","urlTemplate":"https:\/\/fievutysjg.cfolks.pl\/sosw-bip\/?s={search_term_string}"},"query-input":"required name=search_term_string"}],"inLanguage":"pl-PL"}]}},"_links":{"self":[{"href":"https:\/\/fievutysjg.cfolks.pl\/sosw-bip\/index.php?rest_route=\/wp\/v2\/pages\/2020"}],"collection":[{"href":"https:\/\/fievutysjg.cfolks.pl\/sosw-bip\/index.php?rest_route=\/wp\/v2\/pages"}],"about":[{"href":"https:\/\/fievutysjg.cfolks.pl\/sosw-bip\/index.php?rest_route=\/wp\/v2\/types\/page"}],"author":[{"embeddable":true,"href":"https:\/\/fievutysjg.cfolks.pl\/sosw-bip\/index.php?rest_route=\/wp\/v2\/users\/4"}],"replies":[{"embeddable":true,"href":"https:\/\/fievutysjg.cfolks.pl\/sosw-bip\/index.php?rest_route=%2Fwp%2Fv2%2Fcomments&post=2020"}],"version-history":[{"count":29,"href":"https:\/\/fievutysjg.cfolks.pl\/sosw-bip\/index.php?rest_route=\/wp\/v2\/pages\/2020\/revisions"}],"predecessor-version":[{"id":2419,"href":"https:\/\/fievutysjg.cfolks.pl\/sosw-bip\/index.php?rest_route=\/wp\/v2\/pages\/2020\/revisions\/2419"}],"wp:attachment":[{"href":"https:\/\/fievutysjg.cfolks.pl\/sosw-bip\/index.php?rest_route=%2Fwp%2Fv2%2Fmedia&parent=2020"}],"curies":[{"name":"wp","href":"https:\/\/api.w.org\/{rel}","templated":true}]}}