{"id":2010,"date":"2021-11-14T11:45:09","date_gmt":"2021-11-14T10:45:09","guid":{"rendered":"https:\/\/fievutysjg.cfolks.pl\/bursabip\/?page_id=2010"},"modified":"2023-05-15T11:36:14","modified_gmt":"2023-05-15T09:36:14","slug":"zamowienia-publiczne","status":"publish","type":"page","link":"https:\/\/fievutysjg.cfolks.pl\/bursabip\/?page_id=2010","title":{"rendered":"Zam\u00f3wienia publiczne"},"content":{"rendered":"<p><span style=\"font-size: 14pt;\"><strong>Post\u0119powanie przetargowe \u201e Zakup \u017cywno\u015bci dla potrzeb Bursy Szkolnej &#8221;\u00a0<\/strong><\/span><\/p>\n<p><a href=\"https:\/\/fievutysjg.cfolks.pl\/bursabip\/wp-content\/uploads\/2023\/05\/plan-postepowan-na-2023-Bursa-1.pdf\">Plan post\u0119powa\u0144 przetargowych na rok 2023 Bursy Szkolnej w Sandomierzu<\/a><\/p>\n<p><a href=\"https:\/\/fievutysjg.cfolks.pl\/bursabip\/wp-content\/uploads\/2023\/03\/ogloszenie-na-2023-rok-1.pdf\">Og\u0142oszenie na rok 2023<\/a><\/p>\n<p><a href=\"https:\/\/fievutysjg.cfolks.pl\/bursabip\/wp-content\/uploads\/2023\/03\/bursasandomierz-4-1.zip\" class=\"broken_link\">Specyfikacja warunk\u00f3w zam\u00f3wienia<\/a><\/p>\n<p><a href=\"https:\/\/fievutysjg.cfolks.pl\/bursabip\/wp-content\/uploads\/2023\/03\/Pytania-1.docx\">Pytania<\/a><\/p>\n<p><a href=\"https:\/\/fievutysjg.cfolks.pl\/bursabip\/wp-content\/uploads\/2023\/03\/Odpowiedzi-1.docx\">Odpowiedzi<\/a><\/p>\n<p><a href=\"https:\/\/fievutysjg.cfolks.pl\/bursabip\/wp-content\/uploads\/2023\/05\/Informacja-art.-222-na-2023.docx\">Informacja art. 222 na 2023<\/a><\/p>\n<p><a href=\"https:\/\/fievutysjg.cfolks.pl\/bursabip\/wp-content\/uploads\/2023\/03\/informacja-z-otwarcia-z-dnia-02.12.2022r-4-1.doc\">Informacja z otwarcia ofert z dnia 02.12.2022r<\/a><\/p>\n<p><img decoding=\"async\" loading=\"lazy\" class=\"alignnone wp-image-2137 size-large\" src=\"https:\/\/fievutysjg.cfolks.pl\/bursabip\/wp-content\/uploads\/2023\/03\/zawiadomienie-o-wyniku-postepowania-z-06.12.2022r.-scaled-3-581x1024.jpg\" alt=\"\" width=\"581\" height=\"1024\" srcset=\"https:\/\/fievutysjg.cfolks.pl\/bursabip\/wp-content\/uploads\/2023\/03\/zawiadomienie-o-wyniku-postepowania-z-06.12.2022r.-scaled-3-581x1024.jpg 581w, https:\/\/fievutysjg.cfolks.pl\/bursabip\/wp-content\/uploads\/2023\/03\/zawiadomienie-o-wyniku-postepowania-z-06.12.2022r.-scaled-3-170x300.jpg 170w, https:\/\/fievutysjg.cfolks.pl\/bursabip\/wp-content\/uploads\/2023\/03\/zawiadomienie-o-wyniku-postepowania-z-06.12.2022r.-scaled-3-768x1353.jpg 768w, https:\/\/fievutysjg.cfolks.pl\/bursabip\/wp-content\/uploads\/2023\/03\/zawiadomienie-o-wyniku-postepowania-z-06.12.2022r.-scaled-3-872x1536.jpg 872w, https:\/\/fievutysjg.cfolks.pl\/bursabip\/wp-content\/uploads\/2023\/03\/zawiadomienie-o-wyniku-postepowania-z-06.12.2022r.-scaled-3-1162x2048.jpg 1162w, https:\/\/fievutysjg.cfolks.pl\/bursabip\/wp-content\/uploads\/2023\/03\/zawiadomienie-o-wyniku-postepowania-z-06.12.2022r.-scaled-3.jpg 1453w\" sizes=\"(max-width: 581px) 100vw, 581px\" \/><\/p>\n<p>&nbsp;<\/p>\n<p>&nbsp;<\/p>\n<p>&nbsp;<\/p>\n<p>&nbsp;<\/p>\n","protected":false},"excerpt":{"rendered":"<p>Post\u0119powanie przetargowe \u201e Zakup \u017cywno\u015bci dla potrzeb Bursy Szkolnej &#8221;\u00a0 Plan post\u0119powa\u0144 przetargowych na rok 2023 Bursy Szkolnej w Sandomierzu Og\u0142oszenie na rok 2023 Specyfikacja warunk\u00f3w zam\u00f3wienia Pytania Odpowiedzi Informacja art. 222 na 2023 Informacja z otwarcia ofert z dnia 02.12.2022r &nbsp; &nbsp; &nbsp; &nbsp;<\/p>\n","protected":false},"author":1,"featured_media":0,"parent":0,"menu_order":0,"comment_status":"closed","ping_status":"open","template":"","meta":{"footnotes":""},"yoast_head":"<!-- This site is optimized with the Yoast SEO plugin v17.6 - https:\/\/yoast.com\/wordpress\/plugins\/seo\/ -->\n<title>Zam\u00f3wienia publiczne - Biuletyn Informacji Publicznej - Demo<\/title>\n<meta name=\"robots\" content=\"index, follow, max-snippet:-1, max-image-preview:large, max-video-preview:-1\" \/>\n<link rel=\"canonical\" href=\"https:\/\/fievutysjg.cfolks.pl\/bursabip\/?page_id=2010\" \/>\n<meta property=\"og:locale\" content=\"pl_PL\" \/>\n<meta property=\"og:type\" content=\"article\" \/>\n<meta property=\"og:title\" content=\"Zam\u00f3wienia publiczne - Biuletyn Informacji Publicznej - Demo\" \/>\n<meta property=\"og:description\" content=\"Post\u0119powanie przetargowe \u201e Zakup \u017cywno\u015bci dla potrzeb Bursy Szkolnej &#8221;\u00a0 Plan post\u0119powa\u0144 przetargowych na rok 2023 Bursy Szkolnej w Sandomierzu Og\u0142oszenie na rok 2023 Specyfikacja warunk\u00f3w zam\u00f3wienia Pytania Odpowiedzi Informacja art. 222 na 2023 Informacja z otwarcia ofert z dnia 02.12.2022r &nbsp; &nbsp; &nbsp; &nbsp;\" \/>\n<meta property=\"og:url\" content=\"https:\/\/fievutysjg.cfolks.pl\/bursabip\/?page_id=2010\" \/>\n<meta property=\"og:site_name\" content=\"Biuletyn Informacji Publicznej - Demo\" \/>\n<meta property=\"article:modified_time\" content=\"2023-05-15T09:36:14+00:00\" \/>\n<meta property=\"og:image\" content=\"https:\/\/fievutysjg.cfolks.pl\/bursabip\/wp-content\/uploads\/2023\/03\/zawiadomienie-o-wyniku-postepowania-z-06.12.2022r.-scaled-3-581x1024.jpg\" \/>\n<meta name=\"twitter:card\" content=\"summary_large_image\" \/>\n<meta name=\"twitter:label1\" content=\"Szacowany czas czytania\" \/>\n\t<meta name=\"twitter:data1\" content=\"1 minuta\" \/>\n<script type=\"application\/ld+json\" class=\"yoast-schema-graph\">{\"@context\":\"https:\/\/schema.org\",\"@graph\":[{\"@type\":\"WebSite\",\"@id\":\"https:\/\/fievutysjg.cfolks.pl\/bursabip\/#website\",\"url\":\"https:\/\/fievutysjg.cfolks.pl\/bursabip\/\",\"name\":\"Biuletyn Informacji Publicznej - Demo\",\"description\":\"Nazwa plac&oacute;wki\",\"potentialAction\":[{\"@type\":\"SearchAction\",\"target\":{\"@type\":\"EntryPoint\",\"urlTemplate\":\"https:\/\/fievutysjg.cfolks.pl\/bursabip\/?s={search_term_string}\"},\"query-input\":\"required name=search_term_string\"}],\"inLanguage\":\"pl-PL\"},{\"@type\":\"ImageObject\",\"@id\":\"https:\/\/fievutysjg.cfolks.pl\/bursabip\/?page_id=2010#primaryimage\",\"inLanguage\":\"pl-PL\",\"url\":\"https:\/\/fievutysjg.cfolks.pl\/bursabip\/wp-content\/uploads\/2023\/03\/zawiadomienie-o-wyniku-postepowania-z-06.12.2022r.-scaled-3.jpg\",\"contentUrl\":\"https:\/\/fievutysjg.cfolks.pl\/bursabip\/wp-content\/uploads\/2023\/03\/zawiadomienie-o-wyniku-postepowania-z-06.12.2022r.-scaled-3.jpg\",\"width\":1453,\"height\":2560},{\"@type\":\"WebPage\",\"@id\":\"https:\/\/fievutysjg.cfolks.pl\/bursabip\/?page_id=2010#webpage\",\"url\":\"https:\/\/fievutysjg.cfolks.pl\/bursabip\/?page_id=2010\",\"name\":\"Zam\\u00f3wienia publiczne - Biuletyn Informacji Publicznej - Demo\",\"isPartOf\":{\"@id\":\"https:\/\/fievutysjg.cfolks.pl\/bursabip\/#website\"},\"primaryImageOfPage\":{\"@id\":\"https:\/\/fievutysjg.cfolks.pl\/bursabip\/?page_id=2010#primaryimage\"},\"datePublished\":\"2021-11-14T10:45:09+00:00\",\"dateModified\":\"2023-05-15T09:36:14+00:00\",\"breadcrumb\":{\"@id\":\"https:\/\/fievutysjg.cfolks.pl\/bursabip\/?page_id=2010#breadcrumb\"},\"inLanguage\":\"pl-PL\",\"potentialAction\":[{\"@type\":\"ReadAction\",\"target\":[\"https:\/\/fievutysjg.cfolks.pl\/bursabip\/?page_id=2010\"]}]},{\"@type\":\"BreadcrumbList\",\"@id\":\"https:\/\/fievutysjg.cfolks.pl\/bursabip\/?page_id=2010#breadcrumb\",\"itemListElement\":[{\"@type\":\"ListItem\",\"position\":1,\"name\":\"Home\",\"item\":\"https:\/\/fievutysjg.cfolks.pl\/bursabip\/\"},{\"@type\":\"ListItem\",\"position\":2,\"name\":\"Zam\\u00f3wienia publiczne\"}]}]}<\/script>\n<!-- \/ Yoast SEO plugin. -->","yoast_head_json":{"title":"Zam\u00f3wienia publiczne - Biuletyn Informacji Publicznej - Demo","robots":{"index":"index","follow":"follow","max-snippet":"max-snippet:-1","max-image-preview":"max-image-preview:large","max-video-preview":"max-video-preview:-1"},"canonical":"https:\/\/fievutysjg.cfolks.pl\/bursabip\/?page_id=2010","og_locale":"pl_PL","og_type":"article","og_title":"Zam\u00f3wienia publiczne - Biuletyn Informacji Publicznej - Demo","og_description":"Post\u0119powanie przetargowe \u201e Zakup \u017cywno\u015bci dla potrzeb Bursy Szkolnej &#8221;\u00a0 Plan post\u0119powa\u0144 przetargowych na rok 2023 Bursy Szkolnej w Sandomierzu Og\u0142oszenie na rok 2023 Specyfikacja warunk\u00f3w zam\u00f3wienia Pytania Odpowiedzi Informacja art. 222 na 2023 Informacja z otwarcia ofert z dnia 02.12.2022r &nbsp; &nbsp; &nbsp; &nbsp;","og_url":"https:\/\/fievutysjg.cfolks.pl\/bursabip\/?page_id=2010","og_site_name":"Biuletyn Informacji Publicznej - Demo","article_modified_time":"2023-05-15T09:36:14+00:00","og_image":[{"url":"https:\/\/fievutysjg.cfolks.pl\/bursabip\/wp-content\/uploads\/2023\/03\/zawiadomienie-o-wyniku-postepowania-z-06.12.2022r.-scaled-3-581x1024.jpg"}],"twitter_card":"summary_large_image","twitter_misc":{"Szacowany czas czytania":"1 minuta"},"schema":{"@context":"https:\/\/schema.org","@graph":[{"@type":"WebSite","@id":"https:\/\/fievutysjg.cfolks.pl\/bursabip\/#website","url":"https:\/\/fievutysjg.cfolks.pl\/bursabip\/","name":"Biuletyn Informacji Publicznej - Demo","description":"Nazwa plac&oacute;wki","potentialAction":[{"@type":"SearchAction","target":{"@type":"EntryPoint","urlTemplate":"https:\/\/fievutysjg.cfolks.pl\/bursabip\/?s={search_term_string}"},"query-input":"required name=search_term_string"}],"inLanguage":"pl-PL"},{"@type":"ImageObject","@id":"https:\/\/fievutysjg.cfolks.pl\/bursabip\/?page_id=2010#primaryimage","inLanguage":"pl-PL","url":"https:\/\/fievutysjg.cfolks.pl\/bursabip\/wp-content\/uploads\/2023\/03\/zawiadomienie-o-wyniku-postepowania-z-06.12.2022r.-scaled-3.jpg","contentUrl":"https:\/\/fievutysjg.cfolks.pl\/bursabip\/wp-content\/uploads\/2023\/03\/zawiadomienie-o-wyniku-postepowania-z-06.12.2022r.-scaled-3.jpg","width":1453,"height":2560},{"@type":"WebPage","@id":"https:\/\/fievutysjg.cfolks.pl\/bursabip\/?page_id=2010#webpage","url":"https:\/\/fievutysjg.cfolks.pl\/bursabip\/?page_id=2010","name":"Zam\u00f3wienia publiczne - Biuletyn Informacji Publicznej - Demo","isPartOf":{"@id":"https:\/\/fievutysjg.cfolks.pl\/bursabip\/#website"},"primaryImageOfPage":{"@id":"https:\/\/fievutysjg.cfolks.pl\/bursabip\/?page_id=2010#primaryimage"},"datePublished":"2021-11-14T10:45:09+00:00","dateModified":"2023-05-15T09:36:14+00:00","breadcrumb":{"@id":"https:\/\/fievutysjg.cfolks.pl\/bursabip\/?page_id=2010#breadcrumb"},"inLanguage":"pl-PL","potentialAction":[{"@type":"ReadAction","target":["https:\/\/fievutysjg.cfolks.pl\/bursabip\/?page_id=2010"]}]},{"@type":"BreadcrumbList","@id":"https:\/\/fievutysjg.cfolks.pl\/bursabip\/?page_id=2010#breadcrumb","itemListElement":[{"@type":"ListItem","position":1,"name":"Home","item":"https:\/\/fievutysjg.cfolks.pl\/bursabip\/"},{"@type":"ListItem","position":2,"name":"Zam\u00f3wienia publiczne"}]}]}},"_links":{"self":[{"href":"https:\/\/fievutysjg.cfolks.pl\/bursabip\/index.php?rest_route=\/wp\/v2\/pages\/2010"}],"collection":[{"href":"https:\/\/fievutysjg.cfolks.pl\/bursabip\/index.php?rest_route=\/wp\/v2\/pages"}],"about":[{"href":"https:\/\/fievutysjg.cfolks.pl\/bursabip\/index.php?rest_route=\/wp\/v2\/types\/page"}],"author":[{"embeddable":true,"href":"https:\/\/fievutysjg.cfolks.pl\/bursabip\/index.php?rest_route=\/wp\/v2\/users\/1"}],"replies":[{"embeddable":true,"href":"https:\/\/fievutysjg.cfolks.pl\/bursabip\/index.php?rest_route=%2Fwp%2Fv2%2Fcomments&post=2010"}],"version-history":[{"count":15,"href":"https:\/\/fievutysjg.cfolks.pl\/bursabip\/index.php?rest_route=\/wp\/v2\/pages\/2010\/revisions"}],"predecessor-version":[{"id":2185,"href":"https:\/\/fievutysjg.cfolks.pl\/bursabip\/index.php?rest_route=\/wp\/v2\/pages\/2010\/revisions\/2185"}],"wp:attachment":[{"href":"https:\/\/fievutysjg.cfolks.pl\/bursabip\/index.php?rest_route=%2Fwp%2Fv2%2Fmedia&parent=2010"}],"curies":[{"name":"wp","href":"https:\/\/api.w.org\/{rel}","templated":true}]}}